{"id":97996243,"date":"2021-03-25T09:49:08","date_gmt":"2021-03-25T13:49:08","guid":{"rendered":"https:\/\/acompanheseuprojeto.com.br\/acrimat\/?page_id=97996243"},"modified":"2022-09-29T16:27:45","modified_gmt":"2022-09-29T20:27:45","slug":"arroba-prosa","status":"publish","type":"page","link":"https:\/\/acompanheseuprojeto.com.br\/acrimat\/arroba-prosa\/","title":{"rendered":"Arroba &#038; Prosa"},"content":{"rendered":"\t\t<div data-elementor-type=\"wp-page\" data-elementor-id=\"97996243\" class=\"elementor elementor-97996243\" data-elementor-post-type=\"page\">\n\t\t\t\t\t\t<section class=\"elementor-section elementor-top-section elementor-element elementor-element-c8db8ca elementor-section-full_width elementor-section-height-min-height elementor-section-height-default elementor-section-items-middle\" data-id=\"c8db8ca\" data-element_type=\"section\" data-settings=\"{&quot;background_background&quot;:&quot;slideshow&quot;,&quot;background_slideshow_gallery&quot;:[{&quot;id&quot;:98001436,&quot;url&quot;:&quot;https:\\\/\\\/acompanheseuprojeto.com.br\\\/acrimat\\\/wp-content\\\/uploads\\\/2022\\\/09\\\/capa-site-arroba-e-prosa-geral.jpg&quot;}],&quot;background_slideshow_loop&quot;:&quot;yes&quot;,&quot;background_slideshow_slide_duration&quot;:5000,&quot;background_slideshow_slide_transition&quot;:&quot;fade&quot;,&quot;background_slideshow_transition_duration&quot;:500}\">\n\t\t\t\t\t\t<div class=\"elementor-container elementor-column-gap-default\">\n\t\t\t\t\t<div class=\"elementor-column elementor-col-100 elementor-top-column elementor-element elementor-element-6d38118\" data-id=\"6d38118\" data-element_type=\"column\">\n\t\t\t<div class=\"elementor-widget-wrap\">\n\t\t\t\t\t\t\t<\/div>\n\t\t<\/div>\n\t\t\t\t\t<\/div>\n\t\t<\/section>\n\t\t\t\t<section class=\"elementor-section elementor-top-section elementor-element elementor-element-4f80159 elementor-section-boxed elementor-section-height-default elementor-section-height-default\" data-id=\"4f80159\" data-element_type=\"section\" data-settings=\"{&quot;background_background&quot;:&quot;classic&quot;}\">\n\t\t\t\t\t\t<div class=\"elementor-container elementor-column-gap-default\">\n\t\t\t\t\t<div class=\"elementor-column elementor-col-100 elementor-top-column elementor-element elementor-element-bbaa8d5\" data-id=\"bbaa8d5\" data-element_type=\"column\">\n\t\t\t<div class=\"elementor-widget-wrap elementor-element-populated\">\n\t\t\t\t\t\t<section class=\"elementor-section elementor-inner-section elementor-element elementor-element-3c4fd16 elementor-section-boxed elementor-section-height-default elementor-section-height-default\" data-id=\"3c4fd16\" data-element_type=\"section\">\n\t\t\t\t\t\t<div class=\"elementor-container elementor-column-gap-default\">\n\t\t\t\t\t<div class=\"elementor-column elementor-col-100 elementor-inner-column elementor-element elementor-element-074940f\" data-id=\"074940f\" data-element_type=\"column\">\n\t\t\t<div class=\"elementor-widget-wrap elementor-element-populated\">\n\t\t\t\t\t\t<div class=\"elementor-element elementor-element-11b7d1e elementor-widget elementor-widget-heading\" data-id=\"11b7d1e\" data-element_type=\"widget\" data-widget_type=\"heading.default\">\n\t\t\t\t<div class=\"elementor-widget-container\">\n\t\t\t\t\t<h2 class=\"elementor-heading-title elementor-size-default\">O evento<\/h2>\t\t\t\t<\/div>\n\t\t\t\t<\/div>\n\t\t\t\t<div class=\"elementor-element elementor-element-3ddc381 elementor-widget-divider--view-line elementor-widget elementor-widget-divider\" data-id=\"3ddc381\" data-element_type=\"widget\" data-widget_type=\"divider.default\">\n\t\t\t\t<div class=\"elementor-widget-container\">\n\t\t\t\t\t\t\t<div class=\"elementor-divider\">\n\t\t\t<span class=\"elementor-divider-separator\">\n\t\t\t\t\t\t<\/span>\n\t\t<\/div>\n\t\t\t\t\t\t<\/div>\n\t\t\t\t<\/div>\n\t\t\t\t<div class=\"elementor-element elementor-element-f7c22ed elementor-widget elementor-widget-text-editor\" data-id=\"f7c22ed\" data-element_type=\"widget\" data-widget_type=\"text-editor.default\">\n\t\t\t\t<div class=\"elementor-widget-container\">\n\t\t\t\t\t\t\t\t\t<p>A Associa\u00e7\u00e3o dos Criadores de Mato Grosso (Acrimat) apresenta o &#8216;Arroba e Prosa&#8217;, evento online e gratuito que conta com a participa\u00e7\u00e3o de palestrantes renomados e de agentes envolvidos na cadeia produtiva da carne, apresentando o cen\u00e1rio do setor e discutindo as perspectivas, com foco na sustentabilidade e desenvolvimento econ\u00f4mico da atividade pecu\u00e1ria.<\/p>\t\t\t\t\t\t\t\t<\/div>\n\t\t\t\t<\/div>\n\t\t\t\t\t<\/div>\n\t\t<\/div>\n\t\t\t\t\t<\/div>\n\t\t<\/section>\n\t\t\t\t\t<\/div>\n\t\t<\/div>\n\t\t\t\t\t<\/div>\n\t\t<\/section>\n\t\t\t\t<section class=\"elementor-section elementor-top-section elementor-element elementor-element-083101b elementor-section-boxed elementor-section-height-default elementor-section-height-default\" data-id=\"083101b\" data-element_type=\"section\">\n\t\t\t\t\t\t<div class=\"elementor-container elementor-column-gap-default\">\n\t\t\t\t\t<div class=\"elementor-column elementor-col-100 elementor-top-column elementor-element elementor-element-503bce1\" data-id=\"503bce1\" data-element_type=\"column\">\n\t\t\t<div class=\"elementor-widget-wrap elementor-element-populated\">\n\t\t\t\t\t\t<div class=\"elementor-element elementor-element-3bf6ff7 elementor-position-top elementor-widget elementor-widget-image-box\" data-id=\"3bf6ff7\" data-element_type=\"widget\" data-widget_type=\"image-box.default\">\n\t\t\t\t<div class=\"elementor-widget-container\">\n\t\t\t\t\t<div class=\"elementor-image-box-wrapper\"><figure class=\"elementor-image-box-img\"><img fetchpriority=\"high\" decoding=\"async\" width=\"256\" height=\"256\" src=\"https:\/\/acompanheseuprojeto.com.br\/acrimat\/wp-content\/uploads\/2021\/04\/target.png\" class=\"attachment-full size-full wp-image-97996409\" alt=\"\" srcset=\"https:\/\/acompanheseuprojeto.com.br\/acrimat\/wp-content\/uploads\/2021\/04\/target.png 256w, https:\/\/acompanheseuprojeto.com.br\/acrimat\/wp-content\/uploads\/2021\/04\/target-150x150.png 150w, https:\/\/acompanheseuprojeto.com.br\/acrimat\/wp-content\/uploads\/2021\/04\/target-48x48.png 48w, https:\/\/acompanheseuprojeto.com.br\/acrimat\/wp-content\/uploads\/2021\/04\/target-250x250.png 250w, https:\/\/acompanheseuprojeto.com.br\/acrimat\/wp-content\/uploads\/2021\/04\/target-180x180.png 180w\" sizes=\"(max-width: 256px) 100vw, 256px\" \/><\/figure><div class=\"elementor-image-box-content\"><h3 class=\"elementor-image-box-title\">Objetivo<\/h3><\/div><\/div>\t\t\t\t<\/div>\n\t\t\t\t<\/div>\n\t\t\t\t<div class=\"elementor-element elementor-element-61afeda elementor-widget elementor-widget-text-editor\" data-id=\"61afeda\" data-element_type=\"widget\" data-widget_type=\"text-editor.default\">\n\t\t\t\t<div class=\"elementor-widget-container\">\n\t\t\t\t\t\t\t\t\t<p>Acompanhando a tend\u00eancia dos grandes eventos mundiais diante da pandemia do COVID-19 o evento surgiu pela necessidade de a Associa\u00e7\u00e3o continuar levando informa\u00e7\u00e3o de qualidade para seus associados e promover um bate papo entre os convidados e p\u00fablico da internet.<\/p>\t\t\t\t\t\t\t\t<\/div>\n\t\t\t\t<\/div>\n\t\t\t\t\t<\/div>\n\t\t<\/div>\n\t\t\t\t\t<\/div>\n\t\t<\/section>\n\t\t\t\t<section class=\"elementor-section elementor-top-section elementor-element elementor-element-9b056dc elementor-section-boxed elementor-section-height-default elementor-section-height-default\" data-id=\"9b056dc\" data-element_type=\"section\">\n\t\t\t\t\t\t<div class=\"elementor-container elementor-column-gap-default\">\n\t\t\t\t\t<div class=\"elementor-column elementor-col-25 elementor-top-column elementor-element elementor-element-1f0b476\" data-id=\"1f0b476\" data-element_type=\"column\">\n\t\t\t<div class=\"elementor-widget-wrap elementor-element-populated\">\n\t\t\t\t\t\t<div class=\"elementor-element elementor-element-5c00e94 elementor-widget elementor-widget-image\" data-id=\"5c00e94\" data-element_type=\"widget\" data-widget_type=\"image.default\">\n\t\t\t\t<div class=\"elementor-widget-container\">\n\t\t\t\t\t\t\t\t\t\t\t\t\t\t\t<img decoding=\"async\" width=\"960\" height=\"540\" src=\"https:\/\/acompanheseuprojeto.com.br\/acrimat\/wp-content\/uploads\/2022\/09\/arrobaprosa-ricardo-amorim-capas-1024x576.jpg\" class=\"attachment-large size-large wp-image-98001426\" alt=\"\" srcset=\"https:\/\/acompanheseuprojeto.com.br\/acrimat\/wp-content\/uploads\/2022\/09\/arrobaprosa-ricardo-amorim-capas-1024x576.jpg 1024w, https:\/\/acompanheseuprojeto.com.br\/acrimat\/wp-content\/uploads\/2022\/09\/arrobaprosa-ricardo-amorim-capas-300x169.jpg 300w, https:\/\/acompanheseuprojeto.com.br\/acrimat\/wp-content\/uploads\/2022\/09\/arrobaprosa-ricardo-amorim-capas-768x432.jpg 768w, https:\/\/acompanheseuprojeto.com.br\/acrimat\/wp-content\/uploads\/2022\/09\/arrobaprosa-ricardo-amorim-capas-1536x864.jpg 1536w, https:\/\/acompanheseuprojeto.com.br\/acrimat\/wp-content\/uploads\/2022\/09\/arrobaprosa-ricardo-amorim-capas.jpg 1920w\" sizes=\"(max-width: 960px) 100vw, 960px\" \/>\t\t\t\t\t\t\t\t\t\t\t\t\t\t\t<\/div>\n\t\t\t\t<\/div>\n\t\t\t\t<div class=\"elementor-element elementor-element-a5d3cdd elementor-widget elementor-widget-heading\" data-id=\"a5d3cdd\" data-element_type=\"widget\" data-widget_type=\"heading.default\">\n\t\t\t\t<div class=\"elementor-widget-container\">\n\t\t\t\t\t<h4 class=\"elementor-heading-title elementor-size-default\">1\u00ba Edi\u00e7\u00e3o <br>16 de mar\u00e7o - 2021<br>Ricardo Amorim<\/h4>\t\t\t\t<\/div>\n\t\t\t\t<\/div>\n\t\t\t\t\t<\/div>\n\t\t<\/div>\n\t\t\t\t<div class=\"elementor-column elementor-col-25 elementor-top-column elementor-element elementor-element-b2bb501\" data-id=\"b2bb501\" data-element_type=\"column\">\n\t\t\t<div class=\"elementor-widget-wrap elementor-element-populated\">\n\t\t\t\t\t\t<div class=\"elementor-element elementor-element-8b399b6 elementor-widget elementor-widget-image\" data-id=\"8b399b6\" data-element_type=\"widget\" data-widget_type=\"image.default\">\n\t\t\t\t<div class=\"elementor-widget-container\">\n\t\t\t\t\t\t\t\t\t\t\t\t\t\t\t<img decoding=\"async\" width=\"960\" height=\"540\" src=\"https:\/\/acompanheseuprojeto.com.br\/acrimat\/wp-content\/uploads\/2022\/09\/arrobaprosa-tejon-capasite-1024x576.jpg\" class=\"attachment-large size-large wp-image-98001428\" alt=\"\" srcset=\"https:\/\/acompanheseuprojeto.com.br\/acrimat\/wp-content\/uploads\/2022\/09\/arrobaprosa-tejon-capasite-1024x576.jpg 1024w, https:\/\/acompanheseuprojeto.com.br\/acrimat\/wp-content\/uploads\/2022\/09\/arrobaprosa-tejon-capasite-300x169.jpg 300w, https:\/\/acompanheseuprojeto.com.br\/acrimat\/wp-content\/uploads\/2022\/09\/arrobaprosa-tejon-capasite-768x432.jpg 768w, https:\/\/acompanheseuprojeto.com.br\/acrimat\/wp-content\/uploads\/2022\/09\/arrobaprosa-tejon-capasite-1536x864.jpg 1536w, https:\/\/acompanheseuprojeto.com.br\/acrimat\/wp-content\/uploads\/2022\/09\/arrobaprosa-tejon-capasite.jpg 1920w\" sizes=\"(max-width: 960px) 100vw, 960px\" \/>\t\t\t\t\t\t\t\t\t\t\t\t\t\t\t<\/div>\n\t\t\t\t<\/div>\n\t\t\t\t<div class=\"elementor-element elementor-element-d2bc3c8 elementor-widget elementor-widget-heading\" data-id=\"d2bc3c8\" data-element_type=\"widget\" data-widget_type=\"heading.default\">\n\t\t\t\t<div class=\"elementor-widget-container\">\n\t\t\t\t\t<h4 class=\"elementor-heading-title elementor-size-default\">2\u00ba Edi\u00e7\u00e3o <br>22 de junho - 2021<br>Jos\u00e9 Luiz Tejon<\/h4>\t\t\t\t<\/div>\n\t\t\t\t<\/div>\n\t\t\t\t\t<\/div>\n\t\t<\/div>\n\t\t\t\t<div class=\"elementor-column elementor-col-25 elementor-top-column elementor-element elementor-element-9da2ecc\" data-id=\"9da2ecc\" data-element_type=\"column\">\n\t\t\t<div class=\"elementor-widget-wrap elementor-element-populated\">\n\t\t\t\t\t\t<div class=\"elementor-element elementor-element-7a70595 elementor-widget elementor-widget-image\" data-id=\"7a70595\" data-element_type=\"widget\" data-widget_type=\"image.default\">\n\t\t\t\t<div class=\"elementor-widget-container\">\n\t\t\t\t\t\t\t\t\t\t\t\t\t\t\t<img loading=\"lazy\" decoding=\"async\" width=\"960\" height=\"540\" src=\"https:\/\/acompanheseuprojeto.com.br\/acrimat\/wp-content\/uploads\/2022\/09\/arrobaprosa-roberto-rodrigues-ca-1024x576.jpg\" class=\"attachment-large size-large wp-image-98001427\" alt=\"\" srcset=\"https:\/\/acompanheseuprojeto.com.br\/acrimat\/wp-content\/uploads\/2022\/09\/arrobaprosa-roberto-rodrigues-ca-1024x576.jpg 1024w, https:\/\/acompanheseuprojeto.com.br\/acrimat\/wp-content\/uploads\/2022\/09\/arrobaprosa-roberto-rodrigues-ca-300x169.jpg 300w, https:\/\/acompanheseuprojeto.com.br\/acrimat\/wp-content\/uploads\/2022\/09\/arrobaprosa-roberto-rodrigues-ca-768x432.jpg 768w, https:\/\/acompanheseuprojeto.com.br\/acrimat\/wp-content\/uploads\/2022\/09\/arrobaprosa-roberto-rodrigues-ca-1536x864.jpg 1536w, https:\/\/acompanheseuprojeto.com.br\/acrimat\/wp-content\/uploads\/2022\/09\/arrobaprosa-roberto-rodrigues-ca.jpg 1920w\" sizes=\"(max-width: 960px) 100vw, 960px\" \/>\t\t\t\t\t\t\t\t\t\t\t\t\t\t\t<\/div>\n\t\t\t\t<\/div>\n\t\t\t\t<div class=\"elementor-element elementor-element-6fe9d23 elementor-widget elementor-widget-heading\" data-id=\"6fe9d23\" data-element_type=\"widget\" data-widget_type=\"heading.default\">\n\t\t\t\t<div class=\"elementor-widget-container\">\n\t\t\t\t\t<h4 class=\"elementor-heading-title elementor-size-default\">3\u00ba Edi\u00e7\u00e3o <br>05 de outubro - 2021<br>Roberto Rodrigues<\/h2><\/h4>\t\t\t\t<\/div>\n\t\t\t\t<\/div>\n\t\t\t\t\t<\/div>\n\t\t<\/div>\n\t\t\t\t<div class=\"elementor-column elementor-col-25 elementor-top-column elementor-element elementor-element-e818ad7\" data-id=\"e818ad7\" data-element_type=\"column\">\n\t\t\t<div class=\"elementor-widget-wrap elementor-element-populated\">\n\t\t\t\t\t\t<div class=\"elementor-element elementor-element-340992a elementor-widget elementor-widget-image\" data-id=\"340992a\" data-element_type=\"widget\" data-widget_type=\"image.default\">\n\t\t\t\t<div class=\"elementor-widget-container\">\n\t\t\t\t\t\t\t\t\t\t\t\t\t\t\t<img loading=\"lazy\" decoding=\"async\" width=\"960\" height=\"540\" src=\"https:\/\/acompanheseuprojeto.com.br\/acrimat\/wp-content\/uploads\/2022\/09\/arrobaprosa-2022-caio-capasite-1024x576.png\" class=\"attachment-large size-large wp-image-98001424\" alt=\"\" srcset=\"https:\/\/acompanheseuprojeto.com.br\/acrimat\/wp-content\/uploads\/2022\/09\/arrobaprosa-2022-caio-capasite-1024x576.png 1024w, https:\/\/acompanheseuprojeto.com.br\/acrimat\/wp-content\/uploads\/2022\/09\/arrobaprosa-2022-caio-capasite-300x169.png 300w, https:\/\/acompanheseuprojeto.com.br\/acrimat\/wp-content\/uploads\/2022\/09\/arrobaprosa-2022-caio-capasite-768x432.png 768w, https:\/\/acompanheseuprojeto.com.br\/acrimat\/wp-content\/uploads\/2022\/09\/arrobaprosa-2022-caio-capasite-1536x864.png 1536w, https:\/\/acompanheseuprojeto.com.br\/acrimat\/wp-content\/uploads\/2022\/09\/arrobaprosa-2022-caio-capasite.png 1920w\" sizes=\"(max-width: 960px) 100vw, 960px\" \/>\t\t\t\t\t\t\t\t\t\t\t\t\t\t\t<\/div>\n\t\t\t\t<\/div>\n\t\t\t\t<div class=\"elementor-element elementor-element-cf56502 elementor-widget elementor-widget-heading\" data-id=\"cf56502\" data-element_type=\"widget\" data-widget_type=\"heading.default\">\n\t\t\t\t<div class=\"elementor-widget-container\">\n\t\t\t\t\t<h4 class=\"elementor-heading-title elementor-size-default\">4\u00ba Edi\u00e7\u00e3o <br>27 de setembro - 2022<br>Caio Coppolla<\/h4>\t\t\t\t<\/div>\n\t\t\t\t<\/div>\n\t\t\t\t\t<\/div>\n\t\t<\/div>\n\t\t\t\t\t<\/div>\n\t\t<\/section>\n\t\t\t\t<\/div>\n\t\t","protected":false},"excerpt":{"rendered":"<p>O evento A Associa\u00e7\u00e3o dos Criadores de Mato Grosso (Acrimat) apresenta o &#8216;Arroba e Prosa&#8217;, evento online e gratuito que conta com a participa\u00e7\u00e3o de palestrantes renomados e de agentes envolvidos na cadeia produtiva da carne, apresentando o cen\u00e1rio do setor e discutindo as perspectivas, com foco na sustentabilidade e desenvolvimento econ\u00f4mico da atividade pecu\u00e1ria. [&hellip;]<\/p>\n","protected":false},"author":7,"featured_media":0,"parent":0,"menu_order":0,"comment_status":"closed","ping_status":"closed","template":"elementor_header_footer","meta":{"footnotes":""},"class_list":["post-97996243","page","type-page","status-publish","hentry"],"yoast_head":"<!-- This site is optimized with the Yoast SEO plugin v24.2 - https:\/\/yoast.com\/wordpress\/plugins\/seo\/ -->\n<title>Arroba &amp; Prosa<\/title>\n<meta name=\"description\" content=\"A Acrimat \u00e9 uma entidade representativa de criadores de gado de corte, sem fins lucrativos, que atua em todo o Estado de Mato Grosso\" \/>\n<meta name=\"robots\" content=\"index, follow, max-snippet:-1, max-image-preview:large, max-video-preview:-1\" \/>\n<link rel=\"canonical\" href=\"https:\/\/acompanheseuprojeto.com.br\/acrimat\/arroba-prosa\/\" \/>\n<meta property=\"og:locale\" content=\"pt_BR\" \/>\n<meta property=\"og:type\" content=\"article\" \/>\n<meta property=\"og:title\" content=\"Arroba &amp; Prosa\" \/>\n<meta property=\"og:description\" content=\"A Acrimat \u00e9 uma entidade representativa de criadores de gado de corte, sem fins lucrativos, que atua em todo o Estado de Mato Grosso\" \/>\n<meta property=\"og:url\" content=\"https:\/\/acompanheseuprojeto.com.br\/acrimat\/arroba-prosa\/\" \/>\n<meta property=\"og:site_name\" content=\"Acrimat\" \/>\n<meta property=\"article:modified_time\" content=\"2022-09-29T20:27:45+00:00\" \/>\n<meta property=\"og:image\" content=\"https:\/\/acompanheseuprojeto.com.br\/acrimat\/wp-content\/uploads\/2021\/04\/target.png\" \/>\n<meta name=\"twitter:card\" content=\"summary_large_image\" \/>\n<meta name=\"twitter:label1\" content=\"Est. tempo de leitura\" \/>\n\t<meta name=\"twitter:data1\" content=\"2 minutos\" \/>\n<script type=\"application\/ld+json\" class=\"yoast-schema-graph\">{\"@context\":\"https:\/\/schema.org\",\"@graph\":[{\"@type\":\"WebPage\",\"@id\":\"https:\/\/acompanheseuprojeto.com.br\/acrimat\/arroba-prosa\/\",\"url\":\"https:\/\/acompanheseuprojeto.com.br\/acrimat\/arroba-prosa\/\",\"name\":\"Arroba & Prosa\",\"isPartOf\":{\"@id\":\"https:\/\/acompanheseuprojeto.com.br\/acrimat\/#website\"},\"primaryImageOfPage\":{\"@id\":\"https:\/\/acompanheseuprojeto.com.br\/acrimat\/arroba-prosa\/#primaryimage\"},\"image\":{\"@id\":\"https:\/\/acompanheseuprojeto.com.br\/acrimat\/arroba-prosa\/#primaryimage\"},\"thumbnailUrl\":\"https:\/\/acompanheseuprojeto.com.br\/acrimat\/wp-content\/uploads\/2021\/04\/target.png\",\"datePublished\":\"2021-03-25T13:49:08+00:00\",\"dateModified\":\"2022-09-29T20:27:45+00:00\",\"description\":\"A Acrimat \u00e9 uma entidade representativa de criadores de gado de corte, sem fins lucrativos, que atua em todo o Estado de Mato Grosso\",\"breadcrumb\":{\"@id\":\"https:\/\/acompanheseuprojeto.com.br\/acrimat\/arroba-prosa\/#breadcrumb\"},\"inLanguage\":\"pt-BR\",\"potentialAction\":[{\"@type\":\"ReadAction\",\"target\":[\"https:\/\/acompanheseuprojeto.com.br\/acrimat\/arroba-prosa\/\"]}]},{\"@type\":\"ImageObject\",\"inLanguage\":\"pt-BR\",\"@id\":\"https:\/\/acompanheseuprojeto.com.br\/acrimat\/arroba-prosa\/#primaryimage\",\"url\":\"https:\/\/acompanheseuprojeto.com.br\/acrimat\/wp-content\/uploads\/2021\/04\/target.png\",\"contentUrl\":\"https:\/\/acompanheseuprojeto.com.br\/acrimat\/wp-content\/uploads\/2021\/04\/target.png\",\"width\":256,\"height\":256},{\"@type\":\"BreadcrumbList\",\"@id\":\"https:\/\/acompanheseuprojeto.com.br\/acrimat\/arroba-prosa\/#breadcrumb\",\"itemListElement\":[{\"@type\":\"ListItem\",\"position\":1,\"name\":\"In\u00edcio\",\"item\":\"https:\/\/acompanheseuprojeto.com.br\/acrimat\/\"},{\"@type\":\"ListItem\",\"position\":2,\"name\":\"Arroba &#038; Prosa\"}]},{\"@type\":\"WebSite\",\"@id\":\"https:\/\/acompanheseuprojeto.com.br\/acrimat\/#website\",\"url\":\"https:\/\/acompanheseuprojeto.com.br\/acrimat\/\",\"name\":\"Acrimat\",\"description\":\"Associa\u00e7\u00e3o dos Criadores de Mato Grosso\",\"publisher\":{\"@id\":\"https:\/\/acompanheseuprojeto.com.br\/acrimat\/#organization\"},\"potentialAction\":[{\"@type\":\"SearchAction\",\"target\":{\"@type\":\"EntryPoint\",\"urlTemplate\":\"https:\/\/acompanheseuprojeto.com.br\/acrimat\/?s={search_term_string}\"},\"query-input\":{\"@type\":\"PropertyValueSpecification\",\"valueRequired\":true,\"valueName\":\"search_term_string\"}}],\"inLanguage\":\"pt-BR\"},{\"@type\":\"Organization\",\"@id\":\"https:\/\/acompanheseuprojeto.com.br\/acrimat\/#organization\",\"name\":\"Associa\u00e7\u00e3o dos Criadores de Mato Grosso\",\"url\":\"https:\/\/acompanheseuprojeto.com.br\/acrimat\/\",\"logo\":{\"@type\":\"ImageObject\",\"inLanguage\":\"pt-BR\",\"@id\":\"https:\/\/acompanheseuprojeto.com.br\/acrimat\/#\/schema\/logo\/image\/\",\"url\":\"https:\/\/acompanheseuprojeto.com.br\/acrimat\/wp-content\/uploads\/2018\/03\/logo-peq-original.png\",\"contentUrl\":\"https:\/\/acompanheseuprojeto.com.br\/acrimat\/wp-content\/uploads\/2018\/03\/logo-peq-original.png\",\"width\":174,\"height\":171,\"caption\":\"Associa\u00e7\u00e3o dos Criadores de Mato Grosso\"},\"image\":{\"@id\":\"https:\/\/acompanheseuprojeto.com.br\/acrimat\/#\/schema\/logo\/image\/\"}}]}<\/script>\n<!-- \/ Yoast SEO plugin. -->","yoast_head_json":{"title":"Arroba & Prosa","description":"A Acrimat \u00e9 uma entidade representativa de criadores de gado de corte, sem fins lucrativos, que atua em todo o Estado de Mato Grosso","robots":{"index":"index","follow":"follow","max-snippet":"max-snippet:-1","max-image-preview":"max-image-preview:large","max-video-preview":"max-video-preview:-1"},"canonical":"https:\/\/acompanheseuprojeto.com.br\/acrimat\/arroba-prosa\/","og_locale":"pt_BR","og_type":"article","og_title":"Arroba & Prosa","og_description":"A Acrimat \u00e9 uma entidade representativa de criadores de gado de corte, sem fins lucrativos, que atua em todo o Estado de Mato Grosso","og_url":"https:\/\/acompanheseuprojeto.com.br\/acrimat\/arroba-prosa\/","og_site_name":"Acrimat","article_modified_time":"2022-09-29T20:27:45+00:00","og_image":[{"url":"https:\/\/acompanheseuprojeto.com.br\/acrimat\/wp-content\/uploads\/2021\/04\/target.png","type":"","width":"","height":""}],"twitter_card":"summary_large_image","twitter_misc":{"Est. tempo de leitura":"2 minutos"},"schema":{"@context":"https:\/\/schema.org","@graph":[{"@type":"WebPage","@id":"https:\/\/acompanheseuprojeto.com.br\/acrimat\/arroba-prosa\/","url":"https:\/\/acompanheseuprojeto.com.br\/acrimat\/arroba-prosa\/","name":"Arroba & Prosa","isPartOf":{"@id":"https:\/\/acompanheseuprojeto.com.br\/acrimat\/#website"},"primaryImageOfPage":{"@id":"https:\/\/acompanheseuprojeto.com.br\/acrimat\/arroba-prosa\/#primaryimage"},"image":{"@id":"https:\/\/acompanheseuprojeto.com.br\/acrimat\/arroba-prosa\/#primaryimage"},"thumbnailUrl":"https:\/\/acompanheseuprojeto.com.br\/acrimat\/wp-content\/uploads\/2021\/04\/target.png","datePublished":"2021-03-25T13:49:08+00:00","dateModified":"2022-09-29T20:27:45+00:00","description":"A Acrimat \u00e9 uma entidade representativa de criadores de gado de corte, sem fins lucrativos, que atua em todo o Estado de Mato Grosso","breadcrumb":{"@id":"https:\/\/acompanheseuprojeto.com.br\/acrimat\/arroba-prosa\/#breadcrumb"},"inLanguage":"pt-BR","potentialAction":[{"@type":"ReadAction","target":["https:\/\/acompanheseuprojeto.com.br\/acrimat\/arroba-prosa\/"]}]},{"@type":"ImageObject","inLanguage":"pt-BR","@id":"https:\/\/acompanheseuprojeto.com.br\/acrimat\/arroba-prosa\/#primaryimage","url":"https:\/\/acompanheseuprojeto.com.br\/acrimat\/wp-content\/uploads\/2021\/04\/target.png","contentUrl":"https:\/\/acompanheseuprojeto.com.br\/acrimat\/wp-content\/uploads\/2021\/04\/target.png","width":256,"height":256},{"@type":"BreadcrumbList","@id":"https:\/\/acompanheseuprojeto.com.br\/acrimat\/arroba-prosa\/#breadcrumb","itemListElement":[{"@type":"ListItem","position":1,"name":"In\u00edcio","item":"https:\/\/acompanheseuprojeto.com.br\/acrimat\/"},{"@type":"ListItem","position":2,"name":"Arroba &#038; Prosa"}]},{"@type":"WebSite","@id":"https:\/\/acompanheseuprojeto.com.br\/acrimat\/#website","url":"https:\/\/acompanheseuprojeto.com.br\/acrimat\/","name":"Acrimat","description":"Associa\u00e7\u00e3o dos Criadores de Mato Grosso","publisher":{"@id":"https:\/\/acompanheseuprojeto.com.br\/acrimat\/#organization"},"potentialAction":[{"@type":"SearchAction","target":{"@type":"EntryPoint","urlTemplate":"https:\/\/acompanheseuprojeto.com.br\/acrimat\/?s={search_term_string}"},"query-input":{"@type":"PropertyValueSpecification","valueRequired":true,"valueName":"search_term_string"}}],"inLanguage":"pt-BR"},{"@type":"Organization","@id":"https:\/\/acompanheseuprojeto.com.br\/acrimat\/#organization","name":"Associa\u00e7\u00e3o dos Criadores de Mato Grosso","url":"https:\/\/acompanheseuprojeto.com.br\/acrimat\/","logo":{"@type":"ImageObject","inLanguage":"pt-BR","@id":"https:\/\/acompanheseuprojeto.com.br\/acrimat\/#\/schema\/logo\/image\/","url":"https:\/\/acompanheseuprojeto.com.br\/acrimat\/wp-content\/uploads\/2018\/03\/logo-peq-original.png","contentUrl":"https:\/\/acompanheseuprojeto.com.br\/acrimat\/wp-content\/uploads\/2018\/03\/logo-peq-original.png","width":174,"height":171,"caption":"Associa\u00e7\u00e3o dos Criadores de Mato Grosso"},"image":{"@id":"https:\/\/acompanheseuprojeto.com.br\/acrimat\/#\/schema\/logo\/image\/"}}]}},"_links":{"self":[{"href":"https:\/\/acompanheseuprojeto.com.br\/acrimat\/wp-json\/wp\/v2\/pages\/97996243","targetHints":{"allow":["GET"]}}],"collection":[{"href":"https:\/\/acompanheseuprojeto.com.br\/acrimat\/wp-json\/wp\/v2\/pages"}],"about":[{"href":"https:\/\/acompanheseuprojeto.com.br\/acrimat\/wp-json\/wp\/v2\/types\/page"}],"author":[{"embeddable":true,"href":"https:\/\/acompanheseuprojeto.com.br\/acrimat\/wp-json\/wp\/v2\/users\/7"}],"replies":[{"embeddable":true,"href":"https:\/\/acompanheseuprojeto.com.br\/acrimat\/wp-json\/wp\/v2\/comments?post=97996243"}],"version-history":[{"count":55,"href":"https:\/\/acompanheseuprojeto.com.br\/acrimat\/wp-json\/wp\/v2\/pages\/97996243\/revisions"}],"predecessor-version":[{"id":98001442,"href":"https:\/\/acompanheseuprojeto.com.br\/acrimat\/wp-json\/wp\/v2\/pages\/97996243\/revisions\/98001442"}],"wp:attachment":[{"href":"https:\/\/acompanheseuprojeto.com.br\/acrimat\/wp-json\/wp\/v2\/media?parent=97996243"}],"curies":[{"name":"wp","href":"https:\/\/api.w.org\/{rel}","templated":true}]}}