{"id":1142,"date":"2020-12-02T21:22:44","date_gmt":"2020-12-02T21:22:44","guid":{"rendered":"https:\/\/startertemplatecloud.com\/g02\/?page_id=1142"},"modified":"2022-08-15T17:04:20","modified_gmt":"2022-08-15T17:04:20","slug":"contact","status":"publish","type":"page","link":"https:\/\/acompanheseuprojeto.com.br\/emporiodosperfumes\/contact\/","title":{"rendered":"Contato"},"content":{"rendered":"<style>#kt-layout-id_33138f-06 > .kt-row-column-wrap{align-content:end;}:where(#kt-layout-id_33138f-06 > .kt-row-column-wrap) > .wp-block-kadence-column{justify-content:end;}#kt-layout-id_33138f-06 > .kt-row-column-wrap{column-gap:var(--global-kb-gap-md, 2rem);row-gap:var(--global-kb-gap-md, 2rem);max-width:var( --global-content-width, 1200px );padding-left:var(--global-content-edge-padding);padding-right:var(--global-content-edge-padding);padding-top:25px;padding-bottom:25px;padding-top:150px;min-height:400px;grid-template-columns:repeat(2, minmax(0, 1fr));}#kt-layout-id_33138f-06{background-image:url('https:\/\/acompanheseuprojeto.com.br\/emporiodosperfumes\/wp-content\/uploads\/2022\/06\/la-nuit.jpg');background-size:cover;background-position:45% 39%;background-attachment:scroll;background-repeat:no-repeat;}#kt-layout-id_33138f-06 > .kt-row-layout-overlay{opacity:0.70;background-color:#f1bbb7;}@media all and (max-width: 1024px){#kt-layout-id_33138f-06 > .kt-row-column-wrap{grid-template-columns:repeat(2, minmax(0, 1fr));}}@media all and (max-width: 767px){#kt-layout-id_33138f-06 > .kt-row-column-wrap{min-height:200px;grid-template-columns:minmax(0, 1fr);}}<\/style>\n<div class=\"wp-block-kadence-rowlayout alignnone\"><div id=\"kt-layout-id_33138f-06\" class=\"kt-row-layout-inner kt-row-has-bg kt-layout-id_33138f-06\"><div class=\"kt-row-layout-overlay kt-row-overlay-normal\"><\/div><div class=\"kt-row-column-wrap kt-has-2-columns kt-gutter-default kt-v-gutter-default kt-row-valign-bottom kt-row-layout-equal kt-tab-layout-inherit kt-m-colapse-left-to-right kt-mobile-layout-row kb-theme-content-width\"><style>.kadence-column_3c715d-45 > .kt-inside-inner-col{border-top-width:0px;border-right-width:0px;border-bottom-width:0px;border-left-width:0px;}.kadence-column_3c715d-45 > .kt-inside-inner-col,.kadence-column_3c715d-45 > .kt-inside-inner-col:before{border-top-left-radius:0px;border-top-right-radius:0px;border-bottom-right-radius:0px;border-bottom-left-radius:0px;}.kadence-column_3c715d-45 > .kt-inside-inner-col:before{opacity:0.3;}.kadence-column_3c715d-45{position:relative;}<\/style>\n<div class=\"wp-block-kadence-column inner-column-1 kadence-column_3c715d-45\"><div class=\"kt-inside-inner-col\"><style>.wp-block-kadence-advancedheading.kt-adv-heading_1cdc89-6b, .wp-block-kadence-advancedheading.kt-adv-heading_1cdc89-6b[data-kb-block=\"kb-adv-heading_1cdc89-6b\"]{font-size:60px;font-weight:normal;font-style:normal;color:#ffffff;}.wp-block-kadence-advancedheading.kt-adv-heading_1cdc89-6b mark, .wp-block-kadence-advancedheading.kt-adv-heading_1cdc89-6b[data-kb-block=\"kb-adv-heading_1cdc89-6b\"] mark{font-weight:normal;font-style:normal;color:#f76a0c;padding-top:0px;padding-right:0px;padding-bottom:0px;padding-left:0px;}@media all and (max-width: 1024px){.wp-block-kadence-advancedheading.kt-adv-heading_1cdc89-6b, .wp-block-kadence-advancedheading.kt-adv-heading_1cdc89-6b[data-kb-block=\"kb-adv-heading_1cdc89-6b\"]{font-size:50px;}}@media all and (max-width: 767px){.wp-block-kadence-advancedheading.kt-adv-heading_1cdc89-6b, .wp-block-kadence-advancedheading.kt-adv-heading_1cdc89-6b[data-kb-block=\"kb-adv-heading_1cdc89-6b\"]{font-size:40px;}}<\/style>\n<h1 class=\"kt-adv-heading_1cdc89-6b wp-block-kadence-advancedheading\" data-kb-block=\"kb-adv-heading_1cdc89-6b\">Contato<\/h1>\n<\/div><\/div>\n\n\n<style>.kadence-column_baa76e-e8 > .kt-inside-inner-col{border-top-width:0px;border-right-width:0px;border-bottom-width:0px;border-left-width:0px;}.kadence-column_baa76e-e8 > .kt-inside-inner-col,.kadence-column_baa76e-e8 > .kt-inside-inner-col:before{border-top-left-radius:0px;border-top-right-radius:0px;border-bottom-right-radius:0px;border-bottom-left-radius:0px;}.kadence-column_baa76e-e8 > .kt-inside-inner-col:before{opacity:0.3;}.kadence-column_baa76e-e8{position:relative;}<\/style>\n<div class=\"wp-block-kadence-column inner-column-2 kadence-column_baa76e-e8\"><div class=\"kt-inside-inner-col\"><\/div><\/div>\n<\/div><\/div><\/div>\n\n\n<style>#kt-layout-id_c8da1f-d4 > .kt-row-column-wrap{align-content:start;}:where(#kt-layout-id_c8da1f-d4 > .kt-row-column-wrap) > .wp-block-kadence-column{justify-content:start;}#kt-layout-id_c8da1f-d4 > .kt-row-column-wrap{column-gap:var(--global-kb-gap-md, 2rem);row-gap:var(--global-kb-gap-md, 2rem);max-width:var( --global-content-width, 1200px );padding-left:var(--global-content-edge-padding);padding-right:var(--global-content-edge-padding);padding-top:25px;padding-bottom:25px;padding-top:50px;grid-template-columns:repeat(2, minmax(0, 1fr));}#kt-layout-id_c8da1f-d4 > .kt-row-layout-overlay{opacity:0.30;}@media all and (max-width: 1024px){#kt-layout-id_c8da1f-d4 > .kt-row-column-wrap{grid-template-columns:minmax(0, 1fr);}}@media all and (max-width: 767px){#kt-layout-id_c8da1f-d4 > .kt-row-column-wrap{grid-template-columns:minmax(0, 1fr);}}<\/style>\n<div class=\"wp-block-kadence-rowlayout alignnone\"><div id=\"kt-layout-id_c8da1f-d4\" class=\"kt-row-layout-inner kt-layout-id_c8da1f-d4\"><div class=\"kt-row-column-wrap kt-has-2-columns kt-gutter-default kt-v-gutter-default kt-row-valign-top kt-row-layout-equal kt-tab-layout-row kt-m-colapse-left-to-right kt-mobile-layout-row kb-theme-content-width\"><style>.kadence-column_34ef85-a9 > .kt-inside-inner-col{padding-top:30px;}.kadence-column_34ef85-a9 > .kt-inside-inner-col{border-top-width:0px;border-right-width:0px;border-bottom-width:0px;border-left-width:0px;}.kadence-column_34ef85-a9 > .kt-inside-inner-col,.kadence-column_34ef85-a9 > .kt-inside-inner-col:before{border-top-left-radius:0px;border-top-right-radius:0px;border-bottom-right-radius:0px;border-bottom-left-radius:0px;}.kadence-column_34ef85-a9 > .kt-inside-inner-col:before{opacity:0.3;}.kadence-column_34ef85-a9{position:relative;}@media all and (max-width: 1024px){.kadence-column_34ef85-a9 > .kt-inside-inner-col{padding-top:1px;}}@media all and (max-width: 767px){.kadence-column_34ef85-a9 > .kt-inside-inner-col{padding-top:1px;}}<\/style>\n<div class=\"wp-block-kadence-column inner-column-1 kadence-column_34ef85-a9\"><div class=\"kt-inside-inner-col\"><style>.wp-block-kadence-advancedheading.kt-adv-heading_7f4d5a-39, .wp-block-kadence-advancedheading.kt-adv-heading_7f4d5a-39[data-kb-block=\"kb-adv-heading_7f4d5a-39\"]{font-size:50px;font-weight:normal;font-style:normal;}.wp-block-kadence-advancedheading.kt-adv-heading_7f4d5a-39 mark, .wp-block-kadence-advancedheading.kt-adv-heading_7f4d5a-39[data-kb-block=\"kb-adv-heading_7f4d5a-39\"] mark{font-weight:normal;font-style:normal;color:#f76a0c;padding-top:0px;padding-right:0px;padding-bottom:0px;padding-left:0px;}@media all and (max-width: 1024px){.wp-block-kadence-advancedheading.kt-adv-heading_7f4d5a-39, .wp-block-kadence-advancedheading.kt-adv-heading_7f4d5a-39[data-kb-block=\"kb-adv-heading_7f4d5a-39\"]{font-size:40px;}}@media all and (max-width: 767px){.wp-block-kadence-advancedheading.kt-adv-heading_7f4d5a-39, .wp-block-kadence-advancedheading.kt-adv-heading_7f4d5a-39[data-kb-block=\"kb-adv-heading_7f4d5a-39\"]{font-size:30px;}}<\/style>\n<h2 class=\"kt-adv-heading_7f4d5a-39 wp-block-kadence-advancedheading\" data-kb-block=\"kb-adv-heading_7f4d5a-39\">Disponibilizamos esse espa\u00e7o para suas sugest\u00f5es, cr\u00edticas ou d\u00favidas.<\/h2>\n<\/div><\/div>\n\n\n<style>.wp-block-kadence-column.kadence-column_423154-d1 > .kt-inside-inner-col{margin-top:-200px;}.kadence-column_423154-d1 > .kt-inside-inner-col{padding-top:40px;padding-bottom:40px;padding-left:40px;padding-right:40px;}.kadence-column_423154-d1 > .kt-inside-inner-col{border-top-width:0px;border-right-width:0px;border-bottom-width:0px;border-left-width:0px;}.kadence-column_423154-d1 > .kt-inside-inner-col,.kadence-column_423154-d1 > .kt-inside-inner-col:before{border-top-left-radius:3px;border-top-right-radius:3px;border-bottom-right-radius:3px;border-bottom-left-radius:3px;}.kadence-column_423154-d1 > .kt-inside-inner-col{background-color:var(--global-palette7, #EDF2F7);}.kadence-column_423154-d1 > .kt-inside-inner-col:before{opacity:0.3;}.kadence-column_423154-d1{position:relative;}@media all and (max-width: 1024px){.wp-block-kadence-column.kadence-column_423154-d1 > .kt-inside-inner-col{margin-top:10px;}}@media all and (max-width: 767px){.wp-block-kadence-column.kadence-column_423154-d1 > .kt-inside-inner-col{margin-top:10px;}.kadence-column_423154-d1 > .kt-inside-inner-col{padding-top:30px;padding-bottom:30px;padding-left:30px;padding-right:30px;}}<\/style>\n<div class=\"wp-block-kadence-column inner-column-2 kadence-column_423154-d1\"><div class=\"kt-inside-inner-col\"><style>.wp-block-kadence-advancedheading.kt-adv-heading_c55b4e-9a, .wp-block-kadence-advancedheading.kt-adv-heading_c55b4e-9a[data-kb-block=\"kb-adv-heading_c55b4e-9a\"]{font-size:40px;font-weight:normal;font-style:normal;}.wp-block-kadence-advancedheading.kt-adv-heading_c55b4e-9a mark, .wp-block-kadence-advancedheading.kt-adv-heading_c55b4e-9a[data-kb-block=\"kb-adv-heading_c55b4e-9a\"] mark{font-weight:normal;font-style:normal;color:#f76a0c;padding-top:0px;padding-right:0px;padding-bottom:0px;padding-left:0px;}@media all and (max-width: 1024px){.wp-block-kadence-advancedheading.kt-adv-heading_c55b4e-9a, .wp-block-kadence-advancedheading.kt-adv-heading_c55b4e-9a[data-kb-block=\"kb-adv-heading_c55b4e-9a\"]{font-size:30px;}}@media all and (max-width: 767px){.wp-block-kadence-advancedheading.kt-adv-heading_c55b4e-9a, .wp-block-kadence-advancedheading.kt-adv-heading_c55b4e-9a[data-kb-block=\"kb-adv-heading_c55b4e-9a\"]{font-size:30px;}}<\/style>\n<h2 class=\"kt-adv-heading_c55b4e-9a wp-block-kadence-advancedheading\" data-kb-block=\"kb-adv-heading_c55b4e-9a\">Formul\u00e1rio de contato<\/h2>\n\n\n\n<p>Possui d\u00favidas? Preencha o formul\u00e1rio abaixo para entrar em contato conosco.<\/p>\n\n\n<style>.kadence-form-_79a56e-5b .kb-form .kadence-blocks-form-field{margin-bottom:8px;}.kadence-form-_79a56e-5b .kb-form .kadence-blocks-form-field .kb-text-style-field, .kadence-form-_79a56e-5b .kb-form .kadence-blocks-form-field .kb-select-style-field{color:var(--global-palette3, #1A202C);background:var(--global-palette9, #ffffff);border-color:var(--global-palette8, #F7FAFC);}.kadence-form-_79a56e-5b .kb-form .kadence-blocks-form-field .kb-forms-submit{color:#ffffff;background:var(--global-palette1, #3182CE);}.kadence-form-_79a56e-5b .kb-form .kadence-blocks-form-field .kb-forms-submit:hover, .kadence-form-_79a56e-5b .kb-form .kadence-blocks-form-field .kb-forms-submit:focus {color:#ffffff;background:var(--global-palette2, #2B6CB0);}.kadence-form-_79a56e-5b .kadence-blocks-form-success{color:#efbeba;}<\/style>\n<div class=\"wp-block-kadence-form kadence-form-_79a56e-5b kb-form-wrap kb-form-align-right\"><form class=\"kb-form\" action=\"\" method=\"post\" data-error-message=\"Corrija os erros para continuar\"><div class=\"kadence-blocks-form-field kb-field-desk-width-100 kb-input-size-standard\"><input name=\"kb_field_0\" id=\"kb_field__79a56e-5b_0\" data-label=\"Nome\" type=\"text\" placeholder=\"Digite seu nome\" value=\"\" data-type=\"text\" class=\"kb-field kb-text-style-field kb-text-field kb-field-0\"\/><\/div><div class=\"kadence-blocks-form-field kb-form-field-1 kb-field-desk-width-100 kb-input-size-standard\"><input name=\"kb_field_1\" id=\"kb_field__79a56e-5b_1\" data-label=\"Telefone\" type=\"text\" placeholder=\"Digite seu telefone\" value=\"\" data-type=\"text\" class=\"kb-field kb-text-style-field kb-text-field kb-field-1\" autocomplete=\"tel\"\/><\/div><div class=\"kadence-blocks-form-field kb-form-field-2 kb-field-desk-width-100 kb-input-size-standard\"><input name=\"kb_field_2\" id=\"kb_field__79a56e-5b_2\" data-label=\"Email\" type=\"email\" placeholder=\"Digite seu e-mail\" value=\"\" data-type=\"email\" class=\"kb-field kb-text-style-field kb-email-field kb-field-2\" data-required=\"yes\"\/><\/div><div class=\"kadence-blocks-form-field kb-form-field-3 kb-field-desk-width-100 kb-input-size-standard\"><input name=\"kb_field_3\" id=\"kb_field__79a56e-5b_3\" data-label=\"Assunto\" type=\"text\" placeholder=\"Assunto\" value=\"\" data-type=\"text\" class=\"kb-field kb-text-style-field kb-text-field kb-field-3\"\/><\/div><div class=\"kadence-blocks-form-field kb-form-field-4 kb-field-desk-width-100 kb-input-size-standard\"><textarea name=\"kb_field_4\" id=\"kb_field__79a56e-5b_4\" data-label=\"Mensagem\" type=\"textarea\" placeholder=\"Escreva sua mensagem\" data-type=\"textarea\" class=\"kb-field kb-text-style-field kb-textarea-field kb-field-4\" rows=\"4\" data-required=\"yes\"><\/textarea><\/div><input type=\"hidden\" name=\"_kb_form_id\" value=\"_79a56e-5b\"\/><input type=\"hidden\" name=\"_kb_form_post_id\" value=\"1142\"\/><input type=\"hidden\" name=\"action\" value=\"kb_process_ajax_submit\"\/><input class=\"kadence-blocks-field verify\" type=\"text\" name=\"_kb_verify_email\" autocomplete=\"new-password\" aria-hidden=\"true\" placeholder=\"Email\" tabindex=\"-1\" data-1p-ignore=\"true\" data-lpignore=\"true\" \/><div class=\"kadence-blocks-form-field kb-submit-field kb-field-desk-width-100\"><button class=\"kb-forms-submit button kb-button-size-standard kb-button-width-auto\">Enviar<\/button><\/div><\/form><\/div>\n<noscript><div class=\"kadence-blocks-form-message kadence-blocks-form-warning\">Please enable JavaScript in your browser to submit the form<\/div><style>.kadence-form-_79a56e-5b .kadence-blocks-form-field.kb-submit-field { display: none; }<\/style><\/noscript><\/div><\/div>\n<\/div><\/div><\/div>\n\n\n<style>#kt-layout-id_9f80bf-12 > .kt-row-column-wrap{align-content:start;}:where(#kt-layout-id_9f80bf-12 > .kt-row-column-wrap) > .wp-block-kadence-column{justify-content:start;}#kt-layout-id_9f80bf-12 > .kt-row-column-wrap{column-gap:var(--global-kb-gap-md, 2rem);row-gap:var(--global-kb-gap-md, 2rem);max-width:var( --global-content-width, 1200px );padding-left:var(--global-content-edge-padding);padding-right:var(--global-content-edge-padding);padding-top:25px;padding-bottom:25px;padding-bottom:40px;grid-template-columns:minmax(0, 1fr);}#kt-layout-id_9f80bf-12 > .kt-row-layout-overlay{opacity:0.30;}@media all and (max-width: 1024px){#kt-layout-id_9f80bf-12 > .kt-row-column-wrap{grid-template-columns:minmax(0, 1fr);}}@media all and (max-width: 767px){#kt-layout-id_9f80bf-12 > .kt-row-column-wrap{grid-template-columns:minmax(0, 1fr);}}<\/style>\n<div class=\"wp-block-kadence-rowlayout alignnone\"><div id=\"kt-layout-id_9f80bf-12\" class=\"kt-row-layout-inner kt-layout-id_9f80bf-12\"><div class=\"kt-row-column-wrap kt-has-1-columns kt-gutter-default kt-v-gutter-default kt-row-valign-top kt-row-layout-equal kt-tab-layout-inherit kt-m-colapse-left-to-right kt-mobile-layout-row kb-theme-content-width\"><style>.kadence-column_28364d-d0 > .kt-inside-inner-col{border-top-width:0px;border-right-width:0px;border-bottom-width:0px;border-left-width:0px;}.kadence-column_28364d-d0 > .kt-inside-inner-col,.kadence-column_28364d-d0 > .kt-inside-inner-col:before{border-top-left-radius:0px;border-top-right-radius:0px;border-bottom-right-radius:0px;border-bottom-left-radius:0px;}.kadence-column_28364d-d0 > .kt-inside-inner-col:before{opacity:0.3;}.kadence-column_28364d-d0{position:relative;}<\/style>\n<div class=\"wp-block-kadence-column inner-column-1 kadence-column_28364d-d0\"><div class=\"kt-inside-inner-col\"><style>.wp-block-kadence-spacer.kt-block-spacer-_9f7ef8-f0 .kt-block-spacer{height:60px;}.wp-block-kadence-spacer.kt-block-spacer-_9f7ef8-f0 .kt-divider{border-top-width:1px;height:1px;border-top-color:var(--global-palette7, #EDF2F7);width:100%;border-top-style:solid;}<\/style>\n<div class=\"wp-block-kadence-spacer aligncenter kt-block-spacer-_9f7ef8-f0\"><div class=\"kt-block-spacer kt-block-spacer-halign-center\"><hr class=\"kt-divider\"\/><\/div><\/div>\n\n\n<style>#kt-layout-id_11441a-23 > .kt-row-column-wrap{align-content:start;}:where(#kt-layout-id_11441a-23 > .kt-row-column-wrap) > .wp-block-kadence-column{justify-content:start;}#kt-layout-id_11441a-23 > .kt-row-column-wrap{column-gap:var(--global-kb-gap-md, 2rem);row-gap:var(--global-kb-gap-md, 2rem);padding-top:25px;padding-bottom:25px;padding-top:10px;padding-bottom:10px;padding-left:10px;padding-right:10px;grid-template-columns:minmax(0, 40%) minmax(0, 60%);}#kt-layout-id_11441a-23 > .kt-row-layout-overlay{opacity:0.30;}@media all and (max-width: 1024px){#kt-layout-id_11441a-23 > .kt-row-column-wrap{grid-template-columns:repeat(2, minmax(0, 1fr));}}@media all and (max-width: 767px){#kt-layout-id_11441a-23 > .kt-row-column-wrap{grid-template-columns:minmax(0, 1fr);}}<\/style>\n<div class=\"wp-block-kadence-rowlayout alignnone\"><div id=\"kt-layout-id_11441a-23\" class=\"kt-row-layout-inner kt-row-has-bg kt-layout-id_11441a-23 has-theme-palette-8-background-color\"><div class=\"kt-row-column-wrap kt-has-2-columns kt-gutter-default kt-v-gutter-default kt-row-valign-top kt-row-layout-equal kt-tab-layout-inherit kt-m-colapse-left-to-right kt-mobile-layout-row  kt-custom-first-width-40  kt-custom-second-width-60\"><style>.kadence-column_46bcb4-6c > .kt-inside-inner-col{padding-top:60px;padding-bottom:60px;padding-left:60px;padding-right:60px;}.kadence-column_46bcb4-6c > .kt-inside-inner-col{border-top-width:0px;border-right-width:0px;border-bottom-width:0px;border-left-width:0px;}.kadence-column_46bcb4-6c > .kt-inside-inner-col,.kadence-column_46bcb4-6c > .kt-inside-inner-col:before{border-top-left-radius:0px;border-top-right-radius:0px;border-bottom-right-radius:0px;border-bottom-left-radius:0px;}.kadence-column_46bcb4-6c > .kt-inside-inner-col:before{opacity:0.3;}.kadence-column_46bcb4-6c{position:relative;}@media all and (max-width: 767px){.kadence-column_46bcb4-6c > .kt-inside-inner-col{padding-top:40px;padding-bottom:40px;padding-left:40px;padding-right:40px;}}<\/style>\n<div class=\"wp-block-kadence-column inner-column-1 kadence-column_46bcb4-6c\"><div class=\"kt-inside-inner-col\"><style>.wp-block-kadence-advancedheading.kt-adv-heading_99c237-d8, .wp-block-kadence-advancedheading.kt-adv-heading_99c237-d8[data-kb-block=\"kb-adv-heading_99c237-d8\"]{font-size:50px;font-weight:normal;font-style:normal;}.wp-block-kadence-advancedheading.kt-adv-heading_99c237-d8 mark, .wp-block-kadence-advancedheading.kt-adv-heading_99c237-d8[data-kb-block=\"kb-adv-heading_99c237-d8\"] mark{font-weight:normal;font-style:normal;color:#f76a0c;padding-top:0px;padding-right:0px;padding-bottom:0px;padding-left:0px;}@media all and (max-width: 1024px){.wp-block-kadence-advancedheading.kt-adv-heading_99c237-d8, .wp-block-kadence-advancedheading.kt-adv-heading_99c237-d8[data-kb-block=\"kb-adv-heading_99c237-d8\"]{font-size:40px;}}@media all and (max-width: 767px){.wp-block-kadence-advancedheading.kt-adv-heading_99c237-d8, .wp-block-kadence-advancedheading.kt-adv-heading_99c237-d8[data-kb-block=\"kb-adv-heading_99c237-d8\"]{font-size:30px;}}<\/style>\n<h2 class=\"kt-adv-heading_99c237-d8 wp-block-kadence-advancedheading\" data-kb-block=\"kb-adv-heading_99c237-d8\">Aonde estamos<\/h2>\n\n\n\n<p>Av a, 261, Quadra 26 casa 21<br>Bairro: Parque das Na\u00e7\u00f5es Ind\u00edgenas&nbsp;<br>Cuiab\u00e1 MT<\/p>\n\n\n\n<p>Telefone (65) 9.9662-1368<br><a href=\"mailto:atendimento@acompanheseuprojeto.com.br?\">atendimento@acompanheseuprojeto.com.br<\/a><\/p>\n<\/div><\/div>\n\n\n<style>.kadence-column_b1b706-94 > .kt-inside-inner-col{border-top-width:0px;border-right-width:0px;border-bottom-width:0px;border-left-width:0px;}.kadence-column_b1b706-94 > .kt-inside-inner-col,.kadence-column_b1b706-94 > .kt-inside-inner-col:before{border-top-left-radius:0px;border-top-right-radius:0px;border-bottom-right-radius:0px;border-bottom-left-radius:0px;}.kadence-column_b1b706-94 > .kt-inside-inner-col:before{opacity:0.3;}.kadence-column_b1b706-94{position:relative;}<\/style>\n<div class=\"wp-block-kadence-column inner-column-2 kadence-column_b1b706-94\"><div class=\"kt-inside-inner-col\">\n<div style=\"width: 100%\"><iframe loading=\"lazy\" width=\"100%\" height=\"400\" frameborder=\"0\" scrolling=\"no\" marginheight=\"0\" marginwidth=\"0\" src=\"https:\/\/www.google.com\/maps\/embed?pb=!1m18!1m12!1m3!1d1640.032953077421!2d-56.0845780032961!3d-15.545836701240773!2m3!1f0!2f0!3f0!3m2!1i1024!2i768!4f13.1!3m3!1m2!1s0x939db130f1d6860f%3A0x1c0785dc79e43580!2sResidencial%20M%C3%B4naco!5e1!3m2!1spt-BR!2sbr!4v1660581074368!5m2!1spt-BR!2sbr\"><\/iframe><\/div>\n<\/div><\/div>\n<\/div><\/div><\/div>\n<\/div><\/div>\n<\/div><\/div><\/div>\n\n\n\n<p><\/p>\n<span class=\"kt-load-after-post\"><\/span>","protected":false},"excerpt":{"rendered":"<p>Contato Disponibilizamos esse espa\u00e7o para suas sugest\u00f5es, cr\u00edticas ou d\u00favidas. Formul\u00e1rio de contato Possui d\u00favidas? Preencha o formul\u00e1rio abaixo para entrar em contato conosco. Aonde estamos Av a, 261, Quadra 26 casa 21Bairro: Parque das Na\u00e7\u00f5es Ind\u00edgenas&nbsp;Cuiab\u00e1 MT Telefone (65) 9.9662-1368atendimento@acompanheseuprojeto.com.br<\/p>\n","protected":false},"author":1,"featured_media":0,"parent":0,"menu_order":0,"comment_status":"closed","ping_status":"closed","template":"","meta":{"_kad_post_transparent":"","_kad_post_title":"hide","_kad_post_layout":"fullwidth","_kad_post_sidebar_id":"","_kad_post_content_style":"unboxed","_kad_post_vertical_padding":"hide","_kad_post_feature":"","_kad_post_feature_position":"","_kad_post_header":false,"_kad_post_footer":false,"_joinchat":[],"footnotes":""},"class_list":["post-1142","page","type-page","status-publish","hentry"],"_links":{"self":[{"href":"https:\/\/acompanheseuprojeto.com.br\/emporiodosperfumes\/wp-json\/wp\/v2\/pages\/1142","targetHints":{"allow":["GET"]}}],"collection":[{"href":"https:\/\/acompanheseuprojeto.com.br\/emporiodosperfumes\/wp-json\/wp\/v2\/pages"}],"about":[{"href":"https:\/\/acompanheseuprojeto.com.br\/emporiodosperfumes\/wp-json\/wp\/v2\/types\/page"}],"author":[{"embeddable":true,"href":"https:\/\/acompanheseuprojeto.com.br\/emporiodosperfumes\/wp-json\/wp\/v2\/users\/1"}],"replies":[{"embeddable":true,"href":"https:\/\/acompanheseuprojeto.com.br\/emporiodosperfumes\/wp-json\/wp\/v2\/comments?post=1142"}],"version-history":[{"count":13,"href":"https:\/\/acompanheseuprojeto.com.br\/emporiodosperfumes\/wp-json\/wp\/v2\/pages\/1142\/revisions"}],"predecessor-version":[{"id":1715,"href":"https:\/\/acompanheseuprojeto.com.br\/emporiodosperfumes\/wp-json\/wp\/v2\/pages\/1142\/revisions\/1715"}],"wp:attachment":[{"href":"https:\/\/acompanheseuprojeto.com.br\/emporiodosperfumes\/wp-json\/wp\/v2\/media?parent=1142"}],"curies":[{"name":"wp","href":"https:\/\/api.w.org\/{rel}","templated":true}]}}