{"id":1314,"date":"2022-05-31T00:09:50","date_gmt":"2022-05-31T00:09:50","guid":{"rendered":"https:\/\/acompanheseuprojeto.com.br\/emporiodosperfumes\/?post_type=product&#038;p=1314"},"modified":"2022-06-01T23:15:34","modified_gmt":"2022-06-01T23:15:34","slug":"la-vie-est-belle-lancome","status":"publish","type":"product","link":"https:\/\/acompanheseuprojeto.com.br\/emporiodosperfumes\/produto\/la-vie-est-belle-lancome\/","title":{"rendered":"La Vie Est Belle Lanc\u00f4me"},"content":{"rendered":"<p><img loading=\"lazy\" decoding=\"async\" class=\"alignnone wp-image-1315\" src=\"https:\/\/acompanheseuprojeto.com.br\/emporiodosperfumes\/wp-content\/uploads\/2022\/05\/la-300x100.jpg\" alt=\"\" width=\"990\" height=\"330\" srcset=\"https:\/\/acompanheseuprojeto.com.br\/emporiodosperfumes\/wp-content\/uploads\/2022\/05\/la-300x100.jpg 300w, https:\/\/acompanheseuprojeto.com.br\/emporiodosperfumes\/wp-content\/uploads\/2022\/05\/la-700x233.jpg 700w, https:\/\/acompanheseuprojeto.com.br\/emporiodosperfumes\/wp-content\/uploads\/2022\/05\/la-1024x341.jpg 1024w, https:\/\/acompanheseuprojeto.com.br\/emporiodosperfumes\/wp-content\/uploads\/2022\/05\/la-768x256.jpg 768w, https:\/\/acompanheseuprojeto.com.br\/emporiodosperfumes\/wp-content\/uploads\/2022\/05\/la-1536x512.jpg 1536w, https:\/\/acompanheseuprojeto.com.br\/emporiodosperfumes\/wp-content\/uploads\/2022\/05\/la.jpg 1920w\" sizes=\"auto, (max-width: 990px) 100vw, 990px\" \/><br \/>\nVoc\u00ea v\u00ea isso no brilho de um olho, na vibra\u00e7\u00e3o de um sorriso. Algo que os franceses chamam de L&#8217;\u00c9clat. Uma fragr\u00e2ncia de uma<br \/>\nemo\u00e7\u00e3o luminosa e intermin\u00e1vel, um convite para compartilhar a luz da felicidade. A nova Eau de Parfum da fam\u00edlia de La Vie Est Belle<br \/>\nem uma garrafa multi-facetada que capta a luz da felicidade. Esta fragr\u00e2ncia incorpora o brilho da flor de laranjeira, radiante, fresco e<br \/>\nsofisticado. Para a mulher que procura uma fragr\u00e2ncia mais fresca e leve que La Vie Est Belle Eau de Parfum, mas sensual e viciante ao<br \/>\nmesmo tempo. La Vie Est Belle L&#8217;\u00c9clat expressa como a felicidade \u00e9 maior ainda quando compartilhada. A fragr\u00e2ncia revela notas de<br \/>\ncabe\u00e7a revigorantes sobre uma base suave e generosa, banhada no frescor radiante da flor de laranjeira. Esta flor est\u00e1 no cora\u00e7\u00e3o desta<br \/>\nhist\u00f3ria espec\u00edfica, que remete a La Vie Est Belle, por\u00e9m totalmente nova. Desde que foi criado pela primeira vez, em 2012, La Vie Est<br \/>\nBelle tem sido um exerc\u00edcio empolgante para Dominique Ropion e Anne Flipo, os dois grandes perfumistas respons\u00e1veis pela<br \/>\ncomposi\u00e7\u00e3o inicial. Eles assumiram repetidamente &#8211; com inventividade e eleg\u00e2ncia &#8211; o desafio de explorar cada faceta deste<br \/>\nsentimento, a felicidade, que \u00e9 dos mais intensos e complexos. Lanc\u00f4me pediu-lhes para traduzir, em um aroma, a ideia de felicidade<br \/>\nsendo compartilhada de forma irresist\u00edvel entre todos, como um flash de luz refletido para a infinidade. Os perfumistas levaram dois<br \/>\nanos para criar um novo Eau de Parfum, La Vie Est Belle L\u2019\u00c9clat, que expressa como a felicidade \u00e9 magnificada quanto mais<br \/>\nextensamente ela \u00e9 compartilhada.<\/p>\n<p><iframe loading=\"lazy\" title=\"YouTube video player\" src=\"https:\/\/www.youtube.com\/embed\/aIz4-QSVDfo\" width=\"845\" height=\"475\" frameborder=\"0\" allowfullscreen=\"allowfullscreen\"><\/iframe><br \/>\nA flor de laranjeira facetada<\/p>\n<p>La Vie Est Belle L\u2019\u00c9clat Eau de Parfum surpreende com sua luminosidade floral \u2013 c\u00edtrico, gourmand e viciante! A sua irresist\u00edvel<br \/>\ncomposi\u00e7\u00e3o aquece e revela as m\u00faltiplas facetas da flor de laranjeira, flor ic\u00f4nica dos climas ensolarados que desperta delicadamente<br \/>\nos sentidos com sua maravilhosa e generosa luminosidade. Assim, o Absoluto de Flor de Laranjeira forma a base cintilante deste<br \/>\naroma. Elevada com as ess\u00eancias de rosa e jasmim, ela se constr\u00f3i em um buqu\u00ea floral inebriante. Iluminada pelo frescor de uma<br \/>\nsofisticada bergamota e de uma picante mandarina \u00e9 tamb\u00e9m magnificada por um acorde de fr\u00e9sia com delicadas \u00eanfases de p\u00e9talas.<br \/>\nSua base carrega o inimit\u00e1vel acorde gourmand de La Vie Est Belle, reinterpretado em torno da baunilha, ambroxan (notas de \u00e2mbar) e<br \/>\ns\u00e2ndalo.<\/p>\n<p><img loading=\"lazy\" decoding=\"async\" class=\"alignnone wp-image-1322\" src=\"https:\/\/acompanheseuprojeto.com.br\/emporiodosperfumes\/wp-content\/uploads\/2022\/05\/1094-300x169.png\" alt=\"\" width=\"675\" height=\"380\" srcset=\"https:\/\/acompanheseuprojeto.com.br\/emporiodosperfumes\/wp-content\/uploads\/2022\/05\/1094-300x169.png 300w, https:\/\/acompanheseuprojeto.com.br\/emporiodosperfumes\/wp-content\/uploads\/2022\/05\/1094-700x395.png 700w, https:\/\/acompanheseuprojeto.com.br\/emporiodosperfumes\/wp-content\/uploads\/2022\/05\/1094-1024x578.png 1024w, https:\/\/acompanheseuprojeto.com.br\/emporiodosperfumes\/wp-content\/uploads\/2022\/05\/1094-768x433.png 768w, https:\/\/acompanheseuprojeto.com.br\/emporiodosperfumes\/wp-content\/uploads\/2022\/05\/1094.png 1094w\" sizes=\"auto, (max-width: 675px) 100vw, 675px\" \/><\/p>\n<p>Um frasco facetado para um infinito jogo de luz<br \/>\nPara expressar a ideia de irradiar a felicidade, Catherine Krunas, designer da Maison Lanc\u00f4me, teve a ideia de cobrir os contornos do<br \/>\nfrasco original \u2013 \u201co sorriso de cristal\u201d \u2013 com uma s\u00e9rie de facetas: \u201carrojado em sua precis\u00e3o e sensualidade, o design de La Vie Est Belle<br \/>\n\u00e9 definido por suas curvas, pelo volume do sorriso, e n\u00e3o deve perder nada de sua eleg\u00e2ncia e pureza conforme evolui\u201d.<\/p>\n<span class=\"kt-load-after-post\"><\/span>","protected":false},"excerpt":{"rendered":"<p>Perfume Lanc\u00f4me La Vie Est Belle L&#8217;\u00c9clat Feminino Eau de Parfum<\/p>\n","protected":false},"featured_media":1316,"comment_status":"open","ping_status":"closed","template":"","meta":{"_kad_post_transparent":"default","_kad_post_title":"","_kad_post_layout":"default","_kad_post_sidebar_id":"","_kad_post_content_style":"default","_kad_post_vertical_padding":"default","_kad_post_feature":"","_kad_post_feature_position":"","_kad_post_header":false,"_kad_post_footer":false,"_joinchat":[]},"product_cat":[26,25],"product_tag":[],"class_list":["post-1314","product","type-product","status-publish","has-post-thumbnail","hentry","product_cat-feminino","product_cat-perfumes","entry","content-bg","loop-entry"],"_links":{"self":[{"href":"https:\/\/acompanheseuprojeto.com.br\/emporiodosperfumes\/wp-json\/wp\/v2\/product\/1314","targetHints":{"allow":["GET"]}}],"collection":[{"href":"https:\/\/acompanheseuprojeto.com.br\/emporiodosperfumes\/wp-json\/wp\/v2\/product"}],"about":[{"href":"https:\/\/acompanheseuprojeto.com.br\/emporiodosperfumes\/wp-json\/wp\/v2\/types\/product"}],"replies":[{"embeddable":true,"href":"https:\/\/acompanheseuprojeto.com.br\/emporiodosperfumes\/wp-json\/wp\/v2\/comments?post=1314"}],"wp:featuredmedia":[{"embeddable":true,"href":"https:\/\/acompanheseuprojeto.com.br\/emporiodosperfumes\/wp-json\/wp\/v2\/media\/1316"}],"wp:attachment":[{"href":"https:\/\/acompanheseuprojeto.com.br\/emporiodosperfumes\/wp-json\/wp\/v2\/media?parent=1314"}],"wp:term":[{"taxonomy":"product_cat","embeddable":true,"href":"https:\/\/acompanheseuprojeto.com.br\/emporiodosperfumes\/wp-json\/wp\/v2\/product_cat?post=1314"},{"taxonomy":"product_tag","embeddable":true,"href":"https:\/\/acompanheseuprojeto.com.br\/emporiodosperfumes\/wp-json\/wp\/v2\/product_tag?post=1314"}],"curies":[{"name":"wp","href":"https:\/\/api.w.org\/{rel}","templated":true}]}}