{"id":1333,"date":"2022-05-31T01:38:46","date_gmt":"2022-05-31T01:38:46","guid":{"rendered":"https:\/\/acompanheseuprojeto.com.br\/emporiodosperfumes\/?post_type=product&#038;p=1333"},"modified":"2022-05-31T02:02:59","modified_gmt":"2022-05-31T02:02:59","slug":"body-splash-victorias-secret-bare-vanilla","status":"publish","type":"product","link":"https:\/\/acompanheseuprojeto.com.br\/emporiodosperfumes\/produto\/body-splash-victorias-secret-bare-vanilla\/","title":{"rendered":"Body Splash Victoria&#8217;s Secret Bare Vanilla"},"content":{"rendered":"<p>Body Splash da Victoria&#8217;s Secret \u00e9 um spray corporal com leve poder de hidrata\u00e7\u00e3o com \u00f3leos de nutri\u00e7\u00e3o, extrato de aveia e vitaminas E e C em sua composi\u00e7\u00e3o.<\/p>\n<p>Uma fragr\u00e2ncia doce e apaixonante, sua pele fica macia, cheirosa e hidratada.<\/p>\n<p>Victoria&#8217;s Secret Body Splash Vanilla Lace tem sua combina\u00e7\u00e3o de baunilha e orqu\u00eddea, com notas de \u00e2mbar e alm\u00edscar. Ele \u00e9 ideal para usar depois do banho.<\/p>\n<span class=\"kt-load-after-post\"><\/span>","protected":false},"excerpt":{"rendered":"<p>Body Splash da Victoria&#8217;s Secret \u00e9 um spray corporal com leve poder de hidrata\u00e7\u00e3o com \u00f3leos de nutri\u00e7\u00e3o, extrato de aveia e vitaminas E e C em sua composi\u00e7\u00e3o. Uma fragr\u00e2ncia doce e apaixonante, sua pele fica macia, cheirosa e hidratada. Victoria&#8217;s Secret Body Splash Vanilla Lace tem sua combina\u00e7\u00e3o de baunilha e orqu\u00eddea, com&#8230;<\/p>\n","protected":false},"featured_media":1334,"comment_status":"open","ping_status":"closed","template":"","meta":{"_kad_post_transparent":"default","_kad_post_title":"","_kad_post_layout":"default","_kad_post_sidebar_id":"","_kad_post_content_style":"default","_kad_post_vertical_padding":"default","_kad_post_feature":"","_kad_post_feature_position":"","_kad_post_header":false,"_kad_post_footer":false,"_joinchat":[]},"product_cat":[26,25,48],"product_tag":[],"class_list":["post-1333","product","type-product","status-publish","has-post-thumbnail","hentry","product_cat-feminino","product_cat-perfumes","product_cat-victoria-secrets","entry","content-bg","loop-entry"],"_links":{"self":[{"href":"https:\/\/acompanheseuprojeto.com.br\/emporiodosperfumes\/wp-json\/wp\/v2\/product\/1333","targetHints":{"allow":["GET"]}}],"collection":[{"href":"https:\/\/acompanheseuprojeto.com.br\/emporiodosperfumes\/wp-json\/wp\/v2\/product"}],"about":[{"href":"https:\/\/acompanheseuprojeto.com.br\/emporiodosperfumes\/wp-json\/wp\/v2\/types\/product"}],"replies":[{"embeddable":true,"href":"https:\/\/acompanheseuprojeto.com.br\/emporiodosperfumes\/wp-json\/wp\/v2\/comments?post=1333"}],"wp:featuredmedia":[{"embeddable":true,"href":"https:\/\/acompanheseuprojeto.com.br\/emporiodosperfumes\/wp-json\/wp\/v2\/media\/1334"}],"wp:attachment":[{"href":"https:\/\/acompanheseuprojeto.com.br\/emporiodosperfumes\/wp-json\/wp\/v2\/media?parent=1333"}],"wp:term":[{"taxonomy":"product_cat","embeddable":true,"href":"https:\/\/acompanheseuprojeto.com.br\/emporiodosperfumes\/wp-json\/wp\/v2\/product_cat?post=1333"},{"taxonomy":"product_tag","embeddable":true,"href":"https:\/\/acompanheseuprojeto.com.br\/emporiodosperfumes\/wp-json\/wp\/v2\/product_tag?post=1333"}],"curies":[{"name":"wp","href":"https:\/\/api.w.org\/{rel}","templated":true}]}}