{"id":1347,"date":"2022-05-31T01:53:48","date_gmt":"2022-05-31T01:53:48","guid":{"rendered":"https:\/\/acompanheseuprojeto.com.br\/emporiodosperfumes\/?post_type=product&#038;p=1347"},"modified":"2022-05-31T02:06:34","modified_gmt":"2022-05-31T02:06:34","slug":"perfume-hugo-boss-the-scent-masculino-eau-de-toilette","status":"publish","type":"product","link":"https:\/\/acompanheseuprojeto.com.br\/emporiodosperfumes\/produto\/perfume-hugo-boss-the-scent-masculino-eau-de-toilette\/","title":{"rendered":"Perfume Hugo BOSS The Scent Masculino Eau de Toilette"},"content":{"rendered":"<p>O perfume masculino BOSS the Scent Eau de Toilette \u00e9 a fragr\u00e2ncia sedutora da marca. Uma fragr\u00e2ncia irresist\u00edvel que invade a mente e deixa um rastro intenso e prolongado. BOSS The Scent apresenta um ingrediente exclusivo da \u00c1frica do Sul, a fruta afrodis\u00edaca Maninka, cujas facetas complexas fazem alus\u00e3o ao rum e ao maracuj\u00e1. BOSS The Scent \u00e9 um elixir da sedu\u00e7\u00e3o.<\/p>\n<p><iframe loading=\"lazy\" title=\"YouTube video player\" src=\"https:\/\/www.youtube.com\/embed\/50pwkSnRKks\" width=\"638\" height=\"479\" frameborder=\"0\" allowfullscreen=\"allowfullscreen\"><\/iframe><\/p>\n<p>Sobre a Fragr\u00e2ncia<\/p>\n<p>A fragr\u00e2ncia desabrocha com o frescor da lavanda e com o revigorante gengibre, que promovem uma energia estimulante. O adocicado ex\u00f3tico e afrodis\u00edaco da maninka africana invade os sentidos, enquanto as notas viris e viciantes do couro com a sensualidade da baunilha, acrescentam um calor intenso e sedutor \u00e0 fragr\u00e2ncia, transmitindo uma masculinidade pura e magn\u00e9tica.<\/p>\n<p>Sobre o Frasco<\/p>\n<p>O frasco remete a uma gaiola de prata, como se capturasse o esp\u00edrito de sedu\u00e7\u00e3o antes do perfume liberar sua magia. Seu l\u00edquido \u00e2mbar \u00e9 marcante.<\/p>\n<p>Sobre a Marca<\/p>\n<p>Os perfumes BOSS s\u00e3o elaborados com maestria para refletir a personalidade poderosa do homem e da mulher BOSS. A gama de perfumes refinados e contempor\u00e2neos \u00e9 feita sob medida para destacar o look, complementando o estilo de vida moderno.<\/p>\n<span class=\"kt-load-after-post\"><\/span>","protected":false},"excerpt":{"rendered":"<p>O perfume masculino BOSS the Scent Eau de Toilette \u00e9 a fragr\u00e2ncia sedutora da marca. Uma fragr\u00e2ncia irresist\u00edvel que invade a mente e deixa um rastro intenso e prolongado. BOSS The Scent apresenta um ingrediente exclusivo da \u00c1frica do Sul, a fruta afrodis\u00edaca Maninka, cujas facetas complexas fazem alus\u00e3o ao rum e ao maracuj\u00e1. BOSS&#8230;<\/p>\n","protected":false},"featured_media":1313,"comment_status":"open","ping_status":"closed","template":"","meta":{"_kad_post_transparent":"default","_kad_post_title":"","_kad_post_layout":"default","_kad_post_sidebar_id":"","_kad_post_content_style":"default","_kad_post_vertical_padding":"default","_kad_post_feature":"","_kad_post_feature_position":"","_kad_post_header":false,"_kad_post_footer":false,"_joinchat":[]},"product_cat":[47,27,25],"product_tag":[],"class_list":["post-1347","product","type-product","status-publish","has-post-thumbnail","hentry","product_cat-hugo-boss","product_cat-masculino","product_cat-perfumes","entry","content-bg","loop-entry"],"_links":{"self":[{"href":"https:\/\/acompanheseuprojeto.com.br\/emporiodosperfumes\/wp-json\/wp\/v2\/product\/1347","targetHints":{"allow":["GET"]}}],"collection":[{"href":"https:\/\/acompanheseuprojeto.com.br\/emporiodosperfumes\/wp-json\/wp\/v2\/product"}],"about":[{"href":"https:\/\/acompanheseuprojeto.com.br\/emporiodosperfumes\/wp-json\/wp\/v2\/types\/product"}],"replies":[{"embeddable":true,"href":"https:\/\/acompanheseuprojeto.com.br\/emporiodosperfumes\/wp-json\/wp\/v2\/comments?post=1347"}],"wp:featuredmedia":[{"embeddable":true,"href":"https:\/\/acompanheseuprojeto.com.br\/emporiodosperfumes\/wp-json\/wp\/v2\/media\/1313"}],"wp:attachment":[{"href":"https:\/\/acompanheseuprojeto.com.br\/emporiodosperfumes\/wp-json\/wp\/v2\/media?parent=1347"}],"wp:term":[{"taxonomy":"product_cat","embeddable":true,"href":"https:\/\/acompanheseuprojeto.com.br\/emporiodosperfumes\/wp-json\/wp\/v2\/product_cat?post=1347"},{"taxonomy":"product_tag","embeddable":true,"href":"https:\/\/acompanheseuprojeto.com.br\/emporiodosperfumes\/wp-json\/wp\/v2\/product_tag?post=1347"}],"curies":[{"name":"wp","href":"https:\/\/api.w.org\/{rel}","templated":true}]}}