{"id":1404,"date":"2022-06-01T22:52:48","date_gmt":"2022-06-01T22:52:48","guid":{"rendered":"https:\/\/acompanheseuprojeto.com.br\/emporiodosperfumes\/?post_type=product&#038;p=1404"},"modified":"2022-06-01T22:52:49","modified_gmt":"2022-06-01T22:52:49","slug":"ferrari-black-eau-de-toilette-perfume-masculino-125ml","status":"publish","type":"product","link":"https:\/\/acompanheseuprojeto.com.br\/emporiodosperfumes\/produto\/ferrari-black-eau-de-toilette-perfume-masculino-125ml\/","title":{"rendered":"Ferrari Black Eau de Toilette &#8211; Perfume Masculino 125ml"},"content":{"rendered":"<p>Ferrari Black \u00e9 um perfume da Scuderia Ferrari masculino amadeirado e c\u00edtrico. O mais famoso da marca, sua fragr\u00e2ncia \u00e9 esportiva e sofisticada, como os carros.O perfume Ferrari Black \u00e9 perfeito para o homem que gosta de curtir os melhores momentos da vida, sem perder aquele toque de privacidade.Com notas olfativas atraentes e irresist\u00edveis, Ferrari Black \u00e9 perfeito em qualquer hora do dia, seja para enfrentar o cotidiano de trabalho, ou para sair para um encontro a dois.<\/p>\n<span class=\"kt-load-after-post\"><\/span>","protected":false},"excerpt":{"rendered":"<p>Ferrari Black \u00e9 um perfume da Scuderia Ferrari masculino amadeirado e c\u00edtrico. O mais famoso da marca, sua fragr\u00e2ncia \u00e9 esportiva e sofisticada, como os carros.O perfume Ferrari Black \u00e9 perfeito para o homem que gosta de curtir os melhores momentos da vida, sem perder aquele toque de privacidade.Com notas olfativas atraentes e irresist\u00edveis, Ferrari&#8230;<\/p>\n","protected":false},"featured_media":1405,"comment_status":"open","ping_status":"closed","template":"","meta":{"_kad_post_transparent":"default","_kad_post_title":"","_kad_post_layout":"default","_kad_post_sidebar_id":"","_kad_post_content_style":"default","_kad_post_vertical_padding":"default","_kad_post_feature":"","_kad_post_feature_position":"","_kad_post_header":false,"_kad_post_footer":false,"_joinchat":[]},"product_cat":[50,27],"product_tag":[],"class_list":["post-1404","product","type-product","status-publish","has-post-thumbnail","hentry","product_cat-ferrari","product_cat-masculino","entry","content-bg","loop-entry"],"_links":{"self":[{"href":"https:\/\/acompanheseuprojeto.com.br\/emporiodosperfumes\/wp-json\/wp\/v2\/product\/1404","targetHints":{"allow":["GET"]}}],"collection":[{"href":"https:\/\/acompanheseuprojeto.com.br\/emporiodosperfumes\/wp-json\/wp\/v2\/product"}],"about":[{"href":"https:\/\/acompanheseuprojeto.com.br\/emporiodosperfumes\/wp-json\/wp\/v2\/types\/product"}],"replies":[{"embeddable":true,"href":"https:\/\/acompanheseuprojeto.com.br\/emporiodosperfumes\/wp-json\/wp\/v2\/comments?post=1404"}],"wp:featuredmedia":[{"embeddable":true,"href":"https:\/\/acompanheseuprojeto.com.br\/emporiodosperfumes\/wp-json\/wp\/v2\/media\/1405"}],"wp:attachment":[{"href":"https:\/\/acompanheseuprojeto.com.br\/emporiodosperfumes\/wp-json\/wp\/v2\/media?parent=1404"}],"wp:term":[{"taxonomy":"product_cat","embeddable":true,"href":"https:\/\/acompanheseuprojeto.com.br\/emporiodosperfumes\/wp-json\/wp\/v2\/product_cat?post=1404"},{"taxonomy":"product_tag","embeddable":true,"href":"https:\/\/acompanheseuprojeto.com.br\/emporiodosperfumes\/wp-json\/wp\/v2\/product_tag?post=1404"}],"curies":[{"name":"wp","href":"https:\/\/api.w.org\/{rel}","templated":true}]}}