{"id":1406,"date":"2022-06-01T23:02:32","date_gmt":"2022-06-01T23:02:32","guid":{"rendered":"https:\/\/acompanheseuprojeto.com.br\/emporiodosperfumes\/?post_type=product&#038;p=1406"},"modified":"2022-06-02T00:37:37","modified_gmt":"2022-06-02T00:37:37","slug":"perfume-feminino-lady-million-paco-rabanne-incolor","status":"publish","type":"product","link":"https:\/\/acompanheseuprojeto.com.br\/emporiodosperfumes\/produto\/perfume-feminino-lady-million-paco-rabanne-incolor\/","title":{"rendered":"Perfume Feminino Lady Million Paco Rabanne &#8211; Incolor"},"content":{"rendered":"<p>Perfume Paco Rabanne Lady Million 80ml. Sensual, o Eau de Parfum Paco Rabanne Lady Million \u00e9 a tradu\u00e7\u00e3o de uma mulher fatal e segura de si. Esta Eau de Parfum Paco Rabanne Lady Million foi inspirada em um fetiche feminino: o diamante. Sua sub fam\u00edlia olfativa \u00e9 Floral Amadeirada com notas de cabe\u00e7a compostas por Neroli, Laranja Amarga e Framboesa. As notas de cora\u00e7\u00e3o misturam Azahar e Jasmim. O toque final fica por conta das notas de fundo que apresentam o Patchouli combinado ao Mel. Lan\u00e7ado em 2010, o Perfume Paco Rabanne Lady Million \u00e9 o brilho, a fantasia e a sedu\u00e7\u00e3o.<\/p>\n<p><img loading=\"lazy\" decoding=\"async\" class=\"alignnone wp-image-1407\" src=\"https:\/\/acompanheseuprojeto.com.br\/emporiodosperfumes\/wp-content\/uploads\/2022\/06\/Sem-Ti\u0301tulo-300x300.jpg\" alt=\"\" width=\"429\" height=\"429\" srcset=\"https:\/\/acompanheseuprojeto.com.br\/emporiodosperfumes\/wp-content\/uploads\/2022\/06\/Sem-Ti\u0301tulo-300x300.jpg 300w, https:\/\/acompanheseuprojeto.com.br\/emporiodosperfumes\/wp-content\/uploads\/2022\/06\/Sem-Ti\u0301tulo-800x800.jpg 800w, https:\/\/acompanheseuprojeto.com.br\/emporiodosperfumes\/wp-content\/uploads\/2022\/06\/Sem-Ti\u0301tulo-100x100.jpg 100w, https:\/\/acompanheseuprojeto.com.br\/emporiodosperfumes\/wp-content\/uploads\/2022\/06\/Sem-Ti\u0301tulo-700x700.jpg 700w, https:\/\/acompanheseuprojeto.com.br\/emporiodosperfumes\/wp-content\/uploads\/2022\/06\/Sem-Ti\u0301tulo-1024x1024.jpg 1024w, https:\/\/acompanheseuprojeto.com.br\/emporiodosperfumes\/wp-content\/uploads\/2022\/06\/Sem-Ti\u0301tulo-150x150.jpg 150w, https:\/\/acompanheseuprojeto.com.br\/emporiodosperfumes\/wp-content\/uploads\/2022\/06\/Sem-Ti\u0301tulo-768x768.jpg 768w, https:\/\/acompanheseuprojeto.com.br\/emporiodosperfumes\/wp-content\/uploads\/2022\/06\/Sem-Ti\u0301tulo.jpg 1500w\" sizes=\"auto, (max-width: 429px) 100vw, 429px\" \/><\/p>\n<span class=\"kt-load-after-post\"><\/span>","protected":false},"excerpt":{"rendered":"<p>Perfume Paco Rabanne Lady Million 80ml. Sensual, o Eau de Parfum Paco Rabanne Lady Million \u00e9 a tradu\u00e7\u00e3o de uma mulher fatal e segura de si. Esta Eau de Parfum Paco Rabanne Lady Million foi inspirada em um fetiche feminino: o diamante. Sua sub fam\u00edlia olfativa \u00e9 Floral Amadeirada com notas de cabe\u00e7a compostas por&#8230;<\/p>\n","protected":false},"featured_media":1464,"comment_status":"open","ping_status":"closed","template":"","meta":{"_kad_post_transparent":"default","_kad_post_title":"","_kad_post_layout":"default","_kad_post_sidebar_id":"","_kad_post_content_style":"default","_kad_post_vertical_padding":"default","_kad_post_feature":"","_kad_post_feature_position":"","_kad_post_header":false,"_kad_post_footer":false,"_joinchat":[]},"product_cat":[26,43],"product_tag":[],"class_list":["post-1406","product","type-product","status-publish","has-post-thumbnail","hentry","product_cat-feminino","product_cat-paco-rabanne","entry","content-bg","loop-entry"],"_links":{"self":[{"href":"https:\/\/acompanheseuprojeto.com.br\/emporiodosperfumes\/wp-json\/wp\/v2\/product\/1406","targetHints":{"allow":["GET"]}}],"collection":[{"href":"https:\/\/acompanheseuprojeto.com.br\/emporiodosperfumes\/wp-json\/wp\/v2\/product"}],"about":[{"href":"https:\/\/acompanheseuprojeto.com.br\/emporiodosperfumes\/wp-json\/wp\/v2\/types\/product"}],"replies":[{"embeddable":true,"href":"https:\/\/acompanheseuprojeto.com.br\/emporiodosperfumes\/wp-json\/wp\/v2\/comments?post=1406"}],"wp:featuredmedia":[{"embeddable":true,"href":"https:\/\/acompanheseuprojeto.com.br\/emporiodosperfumes\/wp-json\/wp\/v2\/media\/1464"}],"wp:attachment":[{"href":"https:\/\/acompanheseuprojeto.com.br\/emporiodosperfumes\/wp-json\/wp\/v2\/media?parent=1406"}],"wp:term":[{"taxonomy":"product_cat","embeddable":true,"href":"https:\/\/acompanheseuprojeto.com.br\/emporiodosperfumes\/wp-json\/wp\/v2\/product_cat?post=1406"},{"taxonomy":"product_tag","embeddable":true,"href":"https:\/\/acompanheseuprojeto.com.br\/emporiodosperfumes\/wp-json\/wp\/v2\/product_tag?post=1406"}],"curies":[{"name":"wp","href":"https:\/\/api.w.org\/{rel}","templated":true}]}}