{"id":1424,"date":"2022-06-01T23:33:56","date_gmt":"2022-06-01T23:33:56","guid":{"rendered":"https:\/\/acompanheseuprojeto.com.br\/emporiodosperfumes\/?post_type=product&#038;p=1424"},"modified":"2022-06-01T23:33:56","modified_gmt":"2022-06-01T23:33:56","slug":"animale-seduction-100ml","status":"publish","type":"product","link":"https:\/\/acompanheseuprojeto.com.br\/emporiodosperfumes\/produto\/animale-seduction-100ml\/","title":{"rendered":"Animale Seduction 100ml"},"content":{"rendered":"<p>Um perfume atemporal, mantido em um frasco de linhas retas e facetadas, representando os diferentes interesses desse homem, e o tom preto fosco traz consigo um toque misterioso. \u00c9 um tributo ao esp\u00edrito livre e explorador do homem moderno, representado em uma fragr\u00e2ncia amadeirada arom\u00e1tica, que deixa um rastro intenso e cativante.<\/p>\n<p><img loading=\"lazy\" decoding=\"async\" class=\"alignnone wp-image-1427\" src=\"https:\/\/acompanheseuprojeto.com.br\/emporiodosperfumes\/wp-content\/uploads\/2022\/06\/1920-300x169.jpeg\" alt=\"\" width=\"831\" height=\"468\" srcset=\"https:\/\/acompanheseuprojeto.com.br\/emporiodosperfumes\/wp-content\/uploads\/2022\/06\/1920-300x169.jpeg 300w, https:\/\/acompanheseuprojeto.com.br\/emporiodosperfumes\/wp-content\/uploads\/2022\/06\/1920-700x394.jpeg 700w, https:\/\/acompanheseuprojeto.com.br\/emporiodosperfumes\/wp-content\/uploads\/2022\/06\/1920-1024x576.jpeg 1024w, https:\/\/acompanheseuprojeto.com.br\/emporiodosperfumes\/wp-content\/uploads\/2022\/06\/1920-768x432.jpeg 768w, https:\/\/acompanheseuprojeto.com.br\/emporiodosperfumes\/wp-content\/uploads\/2022\/06\/1920-1536x864.jpeg 1536w, https:\/\/acompanheseuprojeto.com.br\/emporiodosperfumes\/wp-content\/uploads\/2022\/06\/1920.jpeg 1920w\" sizes=\"auto, (max-width: 831px) 100vw, 831px\" \/><\/p>\n<p>Animale Seduction Homme foi criado para ser a melhor arma de sedu\u00e7\u00e3o. Sendo capaz de causar euforia em todos os sentidos ao sentir sua fragr\u00e2ncia.<br \/>\nSeu frasco em preto fosco traz o ar de mist\u00e9rio que existe por dentro do homem Animale.<\/p>\n<div style=\"width: 960px;\" class=\"wp-video\"><video class=\"wp-video-shortcode\" id=\"video-1424-1\" width=\"960\" height=\"720\" preload=\"metadata\" controls=\"controls\"><source type=\"video\/mp4\" src=\"https:\/\/acompanheseuprojeto.com.br\/emporiodosperfumes\/wp-content\/uploads\/2022\/06\/720-1.mp4?_=1\" \/><a href=\"https:\/\/acompanheseuprojeto.com.br\/emporiodosperfumes\/wp-content\/uploads\/2022\/06\/720-1.mp4\">https:\/\/acompanheseuprojeto.com.br\/emporiodosperfumes\/wp-content\/uploads\/2022\/06\/720-1.mp4<\/a><\/video><\/div>\n<span class=\"kt-load-after-post\"><\/span>","protected":false},"excerpt":{"rendered":"<p>Um perfume atemporal, mantido em um frasco de linhas retas e facetadas, representando os diferentes interesses desse homem, e o tom preto fosco traz consigo um toque misterioso. \u00c9 um tributo ao esp\u00edrito livre e explorador do homem moderno, representado em uma fragr\u00e2ncia amadeirada arom\u00e1tica, que deixa um rastro intenso e cativante. Animale Seduction Homme&#8230;<\/p>\n","protected":false},"featured_media":1425,"comment_status":"open","ping_status":"closed","template":"","meta":{"_kad_post_transparent":"default","_kad_post_title":"","_kad_post_layout":"default","_kad_post_sidebar_id":"","_kad_post_content_style":"default","_kad_post_vertical_padding":"default","_kad_post_feature":"","_kad_post_feature_position":"","_kad_post_header":false,"_kad_post_footer":false,"_joinchat":[]},"product_cat":[27,25],"product_tag":[],"class_list":["post-1424","product","type-product","status-publish","has-post-thumbnail","hentry","product_cat-masculino","product_cat-perfumes","entry","content-bg","loop-entry"],"_links":{"self":[{"href":"https:\/\/acompanheseuprojeto.com.br\/emporiodosperfumes\/wp-json\/wp\/v2\/product\/1424","targetHints":{"allow":["GET"]}}],"collection":[{"href":"https:\/\/acompanheseuprojeto.com.br\/emporiodosperfumes\/wp-json\/wp\/v2\/product"}],"about":[{"href":"https:\/\/acompanheseuprojeto.com.br\/emporiodosperfumes\/wp-json\/wp\/v2\/types\/product"}],"replies":[{"embeddable":true,"href":"https:\/\/acompanheseuprojeto.com.br\/emporiodosperfumes\/wp-json\/wp\/v2\/comments?post=1424"}],"wp:featuredmedia":[{"embeddable":true,"href":"https:\/\/acompanheseuprojeto.com.br\/emporiodosperfumes\/wp-json\/wp\/v2\/media\/1425"}],"wp:attachment":[{"href":"https:\/\/acompanheseuprojeto.com.br\/emporiodosperfumes\/wp-json\/wp\/v2\/media?parent=1424"}],"wp:term":[{"taxonomy":"product_cat","embeddable":true,"href":"https:\/\/acompanheseuprojeto.com.br\/emporiodosperfumes\/wp-json\/wp\/v2\/product_cat?post=1424"},{"taxonomy":"product_tag","embeddable":true,"href":"https:\/\/acompanheseuprojeto.com.br\/emporiodosperfumes\/wp-json\/wp\/v2\/product_tag?post=1424"}],"curies":[{"name":"wp","href":"https:\/\/api.w.org\/{rel}","templated":true}]}}