{"id":1460,"date":"2022-06-02T00:31:57","date_gmt":"2022-06-02T00:31:57","guid":{"rendered":"https:\/\/acompanheseuprojeto.com.br\/emporiodosperfumes\/?post_type=product&#038;p=1460"},"modified":"2022-06-02T00:34:24","modified_gmt":"2022-06-02T00:34:24","slug":"lancome-perfume-feminino-la-nuit-tresor","status":"publish","type":"product","link":"https:\/\/acompanheseuprojeto.com.br\/emporiodosperfumes\/produto\/lancome-perfume-feminino-la-nuit-tresor\/","title":{"rendered":"Lanc\u00f4me Perfume Feminino La Nuit Tr\u00e9sor"},"content":{"rendered":"<p>Idealizado por duas estrelas da perfumaria francesa, o Perfume Lanc\u00f4me La Nuit Tr\u00e9sor Feminino \u00e9 o primeiro afrodis\u00edaco gourmand que traz uma nova vis\u00e3o do amor para o s\u00e9culo 21. Composta de mat\u00e9rias-primas raras, a fragr\u00e2ncia floral tem um cora\u00e7\u00e3o sedutor de ess\u00eancia de rosa negra e uma pitada afrodis\u00edaca da baunilha extra\u00edda da Orqu\u00eddea Tahitensis Absoluta e \u00e9 envolvida sob uma capa misteriosa de incenso, ess\u00eancia de papiro, praline e lichia.<\/p>\n<span class=\"kt-load-after-post\"><\/span>","protected":false},"excerpt":{"rendered":"<p>Idealizado por duas estrelas da perfumaria francesa, o Perfume Lanc\u00f4me La Nuit Tr\u00e9sor Feminino \u00e9 o primeiro afrodis\u00edaco gourmand que traz uma nova vis\u00e3o do amor para o s\u00e9culo 21. Composta de mat\u00e9rias-primas raras, a fragr\u00e2ncia floral tem um cora\u00e7\u00e3o sedutor de ess\u00eancia de rosa negra e uma pitada afrodis\u00edaca da baunilha extra\u00edda da Orqu\u00eddea&#8230;<\/p>\n","protected":false},"featured_media":1461,"comment_status":"open","ping_status":"closed","template":"","meta":{"_kad_post_transparent":"default","_kad_post_title":"","_kad_post_layout":"default","_kad_post_sidebar_id":"","_kad_post_content_style":"default","_kad_post_vertical_padding":"default","_kad_post_feature":"","_kad_post_feature_position":"","_kad_post_header":false,"_kad_post_footer":false,"_joinchat":[]},"product_cat":[26,25],"product_tag":[],"class_list":["post-1460","product","type-product","status-publish","has-post-thumbnail","hentry","product_cat-feminino","product_cat-perfumes","entry","content-bg","loop-entry"],"_links":{"self":[{"href":"https:\/\/acompanheseuprojeto.com.br\/emporiodosperfumes\/wp-json\/wp\/v2\/product\/1460","targetHints":{"allow":["GET"]}}],"collection":[{"href":"https:\/\/acompanheseuprojeto.com.br\/emporiodosperfumes\/wp-json\/wp\/v2\/product"}],"about":[{"href":"https:\/\/acompanheseuprojeto.com.br\/emporiodosperfumes\/wp-json\/wp\/v2\/types\/product"}],"replies":[{"embeddable":true,"href":"https:\/\/acompanheseuprojeto.com.br\/emporiodosperfumes\/wp-json\/wp\/v2\/comments?post=1460"}],"wp:featuredmedia":[{"embeddable":true,"href":"https:\/\/acompanheseuprojeto.com.br\/emporiodosperfumes\/wp-json\/wp\/v2\/media\/1461"}],"wp:attachment":[{"href":"https:\/\/acompanheseuprojeto.com.br\/emporiodosperfumes\/wp-json\/wp\/v2\/media?parent=1460"}],"wp:term":[{"taxonomy":"product_cat","embeddable":true,"href":"https:\/\/acompanheseuprojeto.com.br\/emporiodosperfumes\/wp-json\/wp\/v2\/product_cat?post=1460"},{"taxonomy":"product_tag","embeddable":true,"href":"https:\/\/acompanheseuprojeto.com.br\/emporiodosperfumes\/wp-json\/wp\/v2\/product_tag?post=1460"}],"curies":[{"name":"wp","href":"https:\/\/api.w.org\/{rel}","templated":true}]}}