{"id":1578,"date":"2022-06-04T16:59:59","date_gmt":"2022-06-04T16:59:59","guid":{"rendered":"https:\/\/acompanheseuprojeto.com.br\/emporiodosperfumes\/?post_type=product&#038;p=1578"},"modified":"2022-06-04T17:02:19","modified_gmt":"2022-06-04T17:02:19","slug":"perfume-lancome-idole-eau-de-parfum-50ml","status":"publish","type":"product","link":"https:\/\/acompanheseuprojeto.com.br\/emporiodosperfumes\/produto\/perfume-lancome-idole-eau-de-parfum-50ml\/","title":{"rendered":"Perfume Lanc\u00f4me Id\u00f4le Eau de Parfum 50ml"},"content":{"rendered":"<p><img loading=\"lazy\" decoding=\"async\" class=\"alignnone wp-image-1579\" src=\"https:\/\/acompanheseuprojeto.com.br\/emporiodosperfumes\/wp-content\/uploads\/2022\/06\/1920-1-300x92.jpeg\" alt=\"\" width=\"1040\" height=\"319\" srcset=\"https:\/\/acompanheseuprojeto.com.br\/emporiodosperfumes\/wp-content\/uploads\/2022\/06\/1920-1-300x92.jpeg 300w, https:\/\/acompanheseuprojeto.com.br\/emporiodosperfumes\/wp-content\/uploads\/2022\/06\/1920-1-700x215.jpeg 700w, https:\/\/acompanheseuprojeto.com.br\/emporiodosperfumes\/wp-content\/uploads\/2022\/06\/1920-1-1024x315.jpeg 1024w, https:\/\/acompanheseuprojeto.com.br\/emporiodosperfumes\/wp-content\/uploads\/2022\/06\/1920-1-768x236.jpeg 768w, https:\/\/acompanheseuprojeto.com.br\/emporiodosperfumes\/wp-content\/uploads\/2022\/06\/1920-1-1536x472.jpeg 1536w, https:\/\/acompanheseuprojeto.com.br\/emporiodosperfumes\/wp-content\/uploads\/2022\/06\/1920-1.jpeg 1920w\" sizes=\"auto, (max-width: 1040px) 100vw, 1040px\" \/><\/p>\n<p>Perfume Lanc\u00f4me Id\u00f4le Eau de Parfum 50ml<br \/>\nO\u00a0Perfume\u00a0Lanc\u00f4me\u00a0Id\u00f4le Eau de Parfum\u00a0representa todos os valores de uma nova gera\u00e7\u00e3o de mulheres que conquistam seu sucesso sem sacrificar sua feminilidade. Sua frag\u00e2ncia foi idealizada no despertar de consci\u00eancia das mulheres contempor\u00e2neas.<\/p>\n<p>Id\u00f4le\u00a0de\u00a0Lanc\u00f4me\u00a0foi inspirada em mulheres pioneiras que n\u00e3o s\u00e3o apenas um modelo a ser seguido, mas sim mulheres que expressam uma convic\u00e7\u00e3o absoluta de que todas t\u00eam o poder de mudar o mundo ao seguir seus maiores sonhos.<\/p>\n<p>Ao longo dos anos, as mulheres se transformaram, se reinventaram.\u00a0Lanc\u00f4me\u00a0segue essa evolu\u00e7\u00e3o, continuando seu caminho o mais pr\u00f3ximo poss\u00edvel das aspira\u00e7\u00f5es de cada mulher.<\/p>\n<p>Fam\u00edlia olfativa: Chipre Floral Clean<\/p>\n<p>Notas de cabe\u00e7a: P\u00eara, Bergamota, Absoluto de Jasmin Sambac, Absoluto de Jasmim Grandflorum.<\/p>\n<p>Notas de cora\u00e7\u00e3o: Rosa Centifolia, Rosa Damascena, Ess\u00eancia de rosas.<\/p>\n<p>Notas de Fundo: Acorde chipre, Alm\u00edscar Branco.<\/p>\n<p><iframe loading=\"lazy\" title=\"YouTube video player\" src=\"https:\/\/www.youtube.com\/embed\/A03s2fdK75E\" width=\"1051\" height=\"591\" frameborder=\"0\" allowfullscreen=\"allowfullscreen\"><\/iframe><\/p>\n<span class=\"kt-load-after-post\"><\/span>","protected":false},"excerpt":{"rendered":"<p>Perfume Lanc\u00f4me Id\u00f4le Eau de Parfum 50ml O\u00a0Perfume\u00a0Lanc\u00f4me\u00a0Id\u00f4le Eau de Parfum\u00a0representa todos os valores de uma nova gera\u00e7\u00e3o de mulheres que conquistam seu sucesso sem sacrificar sua feminilidade. Sua frag\u00e2ncia foi idealizada no despertar de consci\u00eancia das mulheres contempor\u00e2neas. Id\u00f4le\u00a0de\u00a0Lanc\u00f4me\u00a0foi inspirada em mulheres pioneiras que n\u00e3o s\u00e3o apenas um modelo a ser seguido, mas sim&#8230;<\/p>\n","protected":false},"featured_media":1581,"comment_status":"open","ping_status":"closed","template":"","meta":{"_kad_post_transparent":"default","_kad_post_title":"","_kad_post_layout":"default","_kad_post_sidebar_id":"","_kad_post_content_style":"default","_kad_post_vertical_padding":"default","_kad_post_feature":"","_kad_post_feature_position":"","_kad_post_header":false,"_kad_post_footer":false,"_joinchat":[]},"product_cat":[26,25],"product_tag":[],"class_list":["post-1578","product","type-product","status-publish","has-post-thumbnail","hentry","product_cat-feminino","product_cat-perfumes","entry","content-bg","loop-entry"],"_links":{"self":[{"href":"https:\/\/acompanheseuprojeto.com.br\/emporiodosperfumes\/wp-json\/wp\/v2\/product\/1578","targetHints":{"allow":["GET"]}}],"collection":[{"href":"https:\/\/acompanheseuprojeto.com.br\/emporiodosperfumes\/wp-json\/wp\/v2\/product"}],"about":[{"href":"https:\/\/acompanheseuprojeto.com.br\/emporiodosperfumes\/wp-json\/wp\/v2\/types\/product"}],"replies":[{"embeddable":true,"href":"https:\/\/acompanheseuprojeto.com.br\/emporiodosperfumes\/wp-json\/wp\/v2\/comments?post=1578"}],"wp:featuredmedia":[{"embeddable":true,"href":"https:\/\/acompanheseuprojeto.com.br\/emporiodosperfumes\/wp-json\/wp\/v2\/media\/1581"}],"wp:attachment":[{"href":"https:\/\/acompanheseuprojeto.com.br\/emporiodosperfumes\/wp-json\/wp\/v2\/media?parent=1578"}],"wp:term":[{"taxonomy":"product_cat","embeddable":true,"href":"https:\/\/acompanheseuprojeto.com.br\/emporiodosperfumes\/wp-json\/wp\/v2\/product_cat?post=1578"},{"taxonomy":"product_tag","embeddable":true,"href":"https:\/\/acompanheseuprojeto.com.br\/emporiodosperfumes\/wp-json\/wp\/v2\/product_tag?post=1578"}],"curies":[{"name":"wp","href":"https:\/\/api.w.org\/{rel}","templated":true}]}}