{"id":1585,"date":"2022-06-04T17:38:49","date_gmt":"2022-06-04T17:38:49","guid":{"rendered":"https:\/\/acompanheseuprojeto.com.br\/emporiodosperfumes\/?post_type=product&#038;p=1585"},"modified":"2022-06-04T18:49:03","modified_gmt":"2022-06-04T18:49:03","slug":"hypnotic-poison-dior-eau-de-toilette-30ml","status":"publish","type":"product","link":"https:\/\/acompanheseuprojeto.com.br\/emporiodosperfumes\/produto\/hypnotic-poison-dior-eau-de-toilette-30ml\/","title":{"rendered":"Hypnotic Poison Dior Eau de Toilette 30ml"},"content":{"rendered":"<p>Hypnotic Poison Dior Eau de Toilette<br \/>\nO mist\u00e9rio do fruto proibido de dior&#8221; Dior reside em uma po\u00e7\u00e3o moderna e m\u00e1gica que associa feminilidade e aud\u00e1cia. O Perfume Hypnotic Poison tem um perfume luminoso, conquistador, uma fragr\u00e2ncia que rompe as conven\u00e7\u00f5es, \u00e9 a sedu\u00e7\u00e3o magn\u00e9tica revelada por uma baunilha sensual e cativante. A marcante fragr\u00e2ncia oriental do Perfume Hypnotic Poison \u00e9 formada por quatro facetas contrastantes, com notas de am\u00eandoa amarga e alcaravia, o opulento jasmim sambac, o misterioso jacarand\u00e1, os sensuais baunilha e alm\u00edscar, que se combinam de uma maneira fascinante, envolvente e vibrante.<\/p>\n<span class=\"kt-load-after-post\"><\/span>","protected":false},"excerpt":{"rendered":"<p>Hypnotic Poison Dior Eau de Toilette O mist\u00e9rio do fruto proibido de dior&#8221; Dior reside em uma po\u00e7\u00e3o moderna e m\u00e1gica que associa feminilidade e aud\u00e1cia. O Perfume Hypnotic Poison tem um perfume luminoso, conquistador, uma fragr\u00e2ncia que rompe as conven\u00e7\u00f5es, \u00e9 a sedu\u00e7\u00e3o magn\u00e9tica revelada por uma baunilha sensual e cativante. A marcante fragr\u00e2ncia&#8230;<\/p>\n","protected":false},"featured_media":1586,"comment_status":"open","ping_status":"closed","template":"","meta":{"_kad_post_transparent":"default","_kad_post_title":"","_kad_post_layout":"default","_kad_post_sidebar_id":"","_kad_post_content_style":"default","_kad_post_vertical_padding":"default","_kad_post_feature":"","_kad_post_feature_position":"","_kad_post_header":false,"_kad_post_footer":false,"_joinchat":[]},"product_cat":[40,26],"product_tag":[],"class_list":["post-1585","product","type-product","status-publish","has-post-thumbnail","hentry","product_cat-dior","product_cat-feminino","entry","content-bg","loop-entry"],"_links":{"self":[{"href":"https:\/\/acompanheseuprojeto.com.br\/emporiodosperfumes\/wp-json\/wp\/v2\/product\/1585","targetHints":{"allow":["GET"]}}],"collection":[{"href":"https:\/\/acompanheseuprojeto.com.br\/emporiodosperfumes\/wp-json\/wp\/v2\/product"}],"about":[{"href":"https:\/\/acompanheseuprojeto.com.br\/emporiodosperfumes\/wp-json\/wp\/v2\/types\/product"}],"replies":[{"embeddable":true,"href":"https:\/\/acompanheseuprojeto.com.br\/emporiodosperfumes\/wp-json\/wp\/v2\/comments?post=1585"}],"wp:featuredmedia":[{"embeddable":true,"href":"https:\/\/acompanheseuprojeto.com.br\/emporiodosperfumes\/wp-json\/wp\/v2\/media\/1586"}],"wp:attachment":[{"href":"https:\/\/acompanheseuprojeto.com.br\/emporiodosperfumes\/wp-json\/wp\/v2\/media?parent=1585"}],"wp:term":[{"taxonomy":"product_cat","embeddable":true,"href":"https:\/\/acompanheseuprojeto.com.br\/emporiodosperfumes\/wp-json\/wp\/v2\/product_cat?post=1585"},{"taxonomy":"product_tag","embeddable":true,"href":"https:\/\/acompanheseuprojeto.com.br\/emporiodosperfumes\/wp-json\/wp\/v2\/product_tag?post=1585"}],"curies":[{"name":"wp","href":"https:\/\/api.w.org\/{rel}","templated":true}]}}