{"id":115,"date":"2025-08-05T13:58:53","date_gmt":"2025-08-05T13:58:53","guid":{"rendered":"https:\/\/acompanheseuprojeto.com.br\/newwhitehouse\/?page_id=115"},"modified":"2025-08-20T07:10:55","modified_gmt":"2025-08-20T03:10:55","slug":"home","status":"publish","type":"page","link":"https:\/\/acompanheseuprojeto.com.br\/newwhitehouse\/","title":{"rendered":"Home"},"content":{"rendered":"\t\t<div data-elementor-type=\"wp-page\" data-elementor-id=\"115\" class=\"elementor elementor-115\" data-elementor-post-type=\"page\">\n\t\t\t\t<div class=\"elementor-element elementor-element-1785a36 e-flex e-con-boxed e-con e-parent\" data-id=\"1785a36\" data-element_type=\"container\">\n\t\t\t\t\t<div class=\"e-con-inner\">\n\t\t\t\t<div class=\"elementor-element elementor-element-adbc3fe elementor-widget elementor-widget-slider_revolution\" data-id=\"adbc3fe\" data-element_type=\"widget\" data-widget_type=\"slider_revolution.default\">\n\t\t\t\t\t\n\t\t<div class=\"wp-block-themepunch-revslider\">\n\t\t\t\t<p class=\"rs-p-wp-fix\"><\/p>\n\t\t\t\t<sr7-module data-alias=\"creative-portfolio-main-slider1\" data-id=\"1\" id=\"SR7_1_1\" class=\"rs-ov-hidden\" data-version=\"6.7.34\">\n\t\t\t\t\t<sr7-adjuster><\/sr7-adjuster>\n\t\t\t\t\t<sr7-content>\n\t\t\t\t\t\t<sr7-slide id=\"SR7_1_1-1\" data-key=\"1\">\n\t\t\t\t\t\t\t<sr7-txt id=\"SR7_1_1-1-7\" class=\"sr7-layer\">Full Stack Designer<\/sr7-txt>\n\t\t\t\t\t\t\t<sr7-txt id=\"SR7_1_1-1-8\" class=\"sr7-layer\">Markus<\/sr7-txt>\n\t\t\t\t\t\t\t<sr7-txt id=\"SR7_1_1-1-9\" class=\"sr7-layer\">Phoenix<\/sr7-txt>\n\t\t\t\t\t\t\t<a id=\"SR7_1_1-1-12\" class=\"sr7-layer\" href=\"https:\/\/account.sliderrevolution.com\/portal\/pricing\/\" target=\"_blank\" rel=\"noopener\">send your inquiry<\/a>\n\t\t\t\t\t\t\t<sr7-txt id=\"SR7_1_1-1-17\" class=\"sr7-layer\">Renderiza\u00e7\u00f5es 3D, anima\u00e7\u00f5es e tours virtuais que transformam projetos em experi\u00eancias visuais inesquec\u00edveis.<\/sr7-txt>\n\t\t\t\t\t\t<\/sr7-slide>\n\t\t\t\t\t\t<sr7-slide id=\"SR7_1_1-2\" data-key=\"2\">\n\t\t\t\t\t\t\t<sr7-txt id=\"SR7_1_1-2-10\" class=\"sr7-layer\">Especialistas em renderiza\u00e7\u00f5es 3D, anima\u00e7\u00f5es e tours virtuais para arquitetos, construtores e imobili\u00e1rias.<\/sr7-txt>\n\t\t\t\t\t\t\t<sr7-txt id=\"SR7_1_1-2-24\" class=\"sr7-layer\">sobre<\/sr7-txt>\n\t\t\t\t\t\t<\/sr7-slide>\n\t\t\t\t\t\t<sr7-slide id=\"SR7_1_1-3\" data-key=\"3\">\n\t\t\t\t\t\t\t<sr7-txt id=\"SR7_1_1-3-10\" class=\"sr7-layer\">3D illustrations<\/sr7-txt>\n\t\t\t\t\t\t\t<sr7-txt id=\"SR7_1_1-3-83\" class=\"sr7-layer\">Animation<\/sr7-txt>\n\t\t\t\t\t\t\t<sr7-txt id=\"SR7_1_1-3-84\" class=\"sr7-layer\">CGI<\/sr7-txt>\n\t\t\t\t\t\t\t<sr7-txt id=\"SR7_1_1-3-92\" class=\"sr7-layer\">servi\u00e7os<\/sr7-txt>\n\t\t\t\t\t\t<\/sr7-slide>\n\t\t\t\t\t\t<sr7-slide id=\"SR7_1_1-52\" data-key=\"52\">\n\t\t\t\t\t\t\t<sr7-txt id=\"SR7_1_1-52-10\" class=\"sr7-layer\">Advertising Projects<\/sr7-txt>\n\t\t\t\t\t\t\t<sr7-txt id=\"SR7_1_1-52-83\" class=\"sr7-layer\">Modeling<\/sr7-txt>\n\t\t\t\t\t\t\t<sr7-txt id=\"SR7_1_1-52-92\" class=\"sr7-layer\">servi\u00e7os<\/sr7-txt>\n\t\t\t\t\t\t<\/sr7-slide>\n\t\t\t\t\t\t<sr7-slide id=\"SR7_1_1-4\" data-key=\"4\">\n\t\t\t\t\t\t\t<sr7-txt id=\"SR7_1_1-4-19\" class=\"sr7-layer\">Projeto desenvolvido pelo est\u00fadio Whitehouse CGI Studios em colabora\u00e7\u00e3o com o Studio Otto F\u00e9lix.<br \/>\nO render 3D realista transmite a integra\u00e7\u00e3o da arquitetura com a natureza, utilizando elementos como vidro, madeira e ilumina\u00e7\u00e3o natural para criar uma atmosfera acolhedora e sofisticada.<\/sr7-txt>\n\t\t\t\t\t\t\t<sr7-txt id=\"SR7_1_1-4-21\" class=\"sr7-layer\">Projeto desenvolvido pelo est\u00fadio Whitehouse CGI Studios em colabora\u00e7\u00e3o com o Studio Otto F\u00e9lix.<br \/>\nO render 3D realista transmite a integra\u00e7\u00e3o da arquitetura com a natureza, utilizando elementos como vidro, madeira e ilumina\u00e7\u00e3o natural para criar uma atmosfera acolhedora e sofisticada.<\/sr7-txt>\n\t\t\t\t\t\t\t<sr7-txt id=\"SR7_1_1-4-25\" class=\"sr7-layer\">Casa de Campo<\/sr7-txt>\n\t\t\t\t\t\t\t<sr7-txt id=\"SR7_1_1-4-28\" class=\"sr7-layer\">Visualiza\u00e7\u00e3o Arquitet\u00f4nica em CGI<\/sr7-txt>\n\t\t\t\t\t\t\t<sr7-txt id=\"SR7_1_1-4-49\" class=\"sr7-layer\">VER PROJETO<\/sr7-txt>\n\t\t\t\t\t\t\t<sr7-txt id=\"SR7_1_1-4-56\" class=\"sr7-layer\">Casa de Campo<\/sr7-txt>\n\t\t\t\t\t\t\t<sr7-txt id=\"SR7_1_1-4-57\" class=\"sr7-layer\">Visualiza\u00e7\u00e3o Arquitet\u00f4nica em CGI<\/sr7-txt>\n\t\t\t\t\t\t<\/sr7-slide>\n\t\t\t\t\t\t<sr7-slide id=\"SR7_1_1-5\" data-key=\"5\">\n\t\t\t\t\t\t\t<sr7-txt id=\"SR7_1_1-5-19\" class=\"sr7-layer\">\u00c9 imposs\u00edvel escolher s\u00f3 uma imagem desse projeto!<br \/>\n<br \/>\nO que vem na sua mente quando voc\u00ea se depara com uk projeto comercial assim?!<br \/>\nNos stories o coment\u00e1rio que mais recebemos foi: Quero trabalhar a\u00ed!<br \/>\nCom certeza ir trabalhar em um edif\u00edcio assim \u00e9 muito mais prazeiroso!<\/sr7-txt>\n\t\t\t\t\t\t\t<sr7-txt id=\"SR7_1_1-5-21\" class=\"sr7-layer\">Neste trabalho, a Whitehouse CGI Studios desenvolveu a visualiza\u00e7\u00e3o 3D hiper-realista de uma pe\u00e7a de mobili\u00e1rio, trazendo \u00e0 vida todos os detalhes de ilumina\u00e7\u00e3o, textura e acabamento.<\/sr7-txt>\n\t\t\t\t\t\t\t<sr7-txt id=\"SR7_1_1-5-25\" class=\"sr7-layer\">Visualiza\u00e7\u00e3o de Produto<\/sr7-txt>\n\t\t\t\t\t\t\t<sr7-txt id=\"SR7_1_1-5-28\" class=\"sr7-layer\">Design de Cadeira<\/sr7-txt>\n\t\t\t\t\t\t\t<sr7-txt id=\"SR7_1_1-5-49\" class=\"sr7-layer\">VER PROJETO<\/sr7-txt>\n\t\t\t\t\t\t\t<sr7-txt id=\"SR7_1_1-5-56\" class=\"sr7-layer\">Projeto Ginco Empresarial Chicago I<\/sr7-txt>\n\t\t\t\t\t\t\t<sr7-txt id=\"SR7_1_1-5-57\" class=\"sr7-layer\">Visualiza\u00e7\u00e3o Arquitet\u00f4nica em CGI<\/sr7-txt>\n\t\t\t\t\t\t\t<sr7-txt id=\"SR7_1_1-5-106\" class=\"sr7-layer\">Neste projeto, o est\u00fadio Whitehouse CGI Studios desenvolveu a modelagem 3D e renderiza\u00e7\u00e3o hiper-realista da Poltrona Serfa, assinada pelo designer brasileiro Zanini de Zanine.<\/sr7-txt>\n\t\t\t\t\t\t\t<sr7-txt id=\"SR7_1_1-5-108\" class=\"sr7-layer\">Poltrona Serfa<\/sr7-txt>\n\t\t\t\t\t\t\t<sr7-txt id=\"SR7_1_1-5-109\" class=\"sr7-layer\">Modelagem 3D<\/sr7-txt>\n\t\t\t\t\t\t<\/sr7-slide>\n\t\t\t\t\t\t<sr7-slide id=\"SR7_1_1-6\" data-key=\"6\">\n\t\t\t\t\t\t\t<a id=\"SR7_1_1-6-42\" class=\"sr7-layer\" href=\"https:\/\/www.sliderrevolution.com\/examples\/\" target=\"_blank\" rel=\"noopener\">Ver MAIS PROJETOS <i class=\"material-icons\">arrow_forward<\/i><\/a>\n\t\t\t\t\t\t\t<sr7-txt id=\"SR7_1_1-6-49\" class=\"sr7-layer\">VER PROJETO<\/sr7-txt>\n\t\t\t\t\t\t\t<sr7-txt id=\"SR7_1_1-6-71\" class=\"sr7-layer\">Projeto desenvolvido em parceria com o Studio Zanini, a Poltrona Sela \u00e9 uma reedi\u00e7\u00e3o do cl\u00e1ssico de Jos\u00e9 Zanine Caldas, apresentada com exclusividade nacional.<\/sr7-txt>\n\t\t\t\t\t\t\t<sr7-txt id=\"SR7_1_1-6-115\" class=\"sr7-layer\">Poltrona Sela<\/sr7-txt>\n\t\t\t\t\t\t\t<sr7-txt id=\"SR7_1_1-6-116\" class=\"sr7-layer\">VISUALIZA\u00c7\u00c3O DE PRODUTO<\/sr7-txt>\n\t\t\t\t\t\t\t<sr7-txt id=\"SR7_1_1-6-122\" class=\"sr7-layer\">Este trabalho de visualiza\u00e7\u00e3o arquitet\u00f4nica foi desenvolvido para destacar elementos espec\u00edficos do projeto assinado por Juliana Cascaes Arquitetura.<\/sr7-txt>\n\t\t\t\t\t\t\t<sr7-txt id=\"SR7_1_1-6-124\" class=\"sr7-layer\">Escada e \u00c1rea Externa<\/sr7-txt>\n\t\t\t\t\t\t\t<sr7-txt id=\"SR7_1_1-6-125\" class=\"sr7-layer\">Visualiza\u00e7\u00e3o Arquitet\u00f4nica (ArchViz)<\/sr7-txt>\n\t\t\t\t\t\t<\/sr7-slide>\n\t\t\t\t\t\t<sr7-slide id=\"SR7_1_1-7\" data-key=\"7\">\n\t\t\t\t\t\t\t<sr7-txt id=\"SR7_1_1-7-24\" class=\"sr7-layer\">DEPOIMENTOS<\/sr7-txt>\n\t\t\t\t\t\t\t<sr7-txt id=\"SR7_1_1-7-73\" class=\"sr7-layer\">\"As renderiza\u00e7\u00f5es ficaram t\u00e3o realistas que conseguimos vender o empreendimento antes mesmo de iniciar a obra. A equipe \u00e9 \u00e1gil e extremamente profissional.\"<br \/>\n<\/sr7-txt>\n\t\t\t\t\t\t\t<sr7-txt id=\"SR7_1_1-7-75\" class=\"sr7-layer\">Marina Lopez<br \/>\n<\/sr7-txt>\n\t\t\t\t\t\t\t<sr7-txt id=\"SR7_1_1-7-76\" class=\"sr7-layer\"> - Arquiteta<br \/>\n<\/sr7-txt>\n\t\t\t\t\t\t\t<sr7-txt id=\"SR7_1_1-7-81\" class=\"sr7-layer\">\"O tour virtual fez toda a diferen\u00e7a na apresenta\u00e7\u00e3o para investidores. O resultado superou nossas expectativas.\"<br \/>\n<\/sr7-txt>\n\t\t\t\t\t\t\t<sr7-txt id=\"SR7_1_1-7-82\" class=\"sr7-layer\">\"Trabalhar com eles foi f\u00e1cil e produtivo. Conseguimos mostrar o projeto de forma clara e impactante para nossos clientes.\"<br \/>\n<\/sr7-txt>\n\t\t\t\t\t\t\t<sr7-txt id=\"SR7_1_1-7-91\" class=\"sr7-layer\">Ricardo<br \/>\n<\/sr7-txt>\n\t\t\t\t\t\t\t<sr7-txt id=\"SR7_1_1-7-93\" class=\"sr7-layer\">Fernanda <\/sr7-txt>\n\t\t\t\t\t\t\t<sr7-txt id=\"SR7_1_1-7-94\" class=\"sr7-layer\"> - Construtora<\/sr7-txt>\n\t\t\t\t\t\t\t<sr7-txt id=\"SR7_1_1-7-95\" class=\"sr7-layer\"> - Arquiteta<br \/>\n<\/sr7-txt>\n\t\t\t\t\t\t\t<sr7-txt id=\"SR7_1_1-7-98\" class=\"sr7-layer\">parceiros e clientes<\/sr7-txt>\n\t\t\t\t\t\t<\/sr7-slide>\n\t\t\t\t\t\t<sr7-slide id=\"SR7_1_1-8\" data-key=\"8\">\n\t\t\t\t\t\t\t<sr7-txt id=\"SR7_1_1-8-35\" class=\"sr7-layer\">Solicite um or\u00e7amento e leve seu projeto para o pr\u00f3ximo n\u00edvel.<\/sr7-txt>\n\t\t\t\t\t\t\t<a id=\"SR7_1_1-8-37\" class=\"sr7-layer\" href=\"https:\/\/account.sliderrevolution.com\/portal\/pricing\/\" target=\"_blank\" rel=\"noopener\">Solicitar Or\u00e7amento<\/a>\n\t\t\t\t\t\t\t<a id=\"SR7_1_1-8-38\" class=\"sr7-layer\" href=\"\" target=\"_blank\" rel=\"noopener\"><i class=\"fa-facebook-f\"><\/i><\/a>\n\t\t\t\t\t\t\t<a id=\"SR7_1_1-8-39\" class=\"sr7-layer\" href=\"https:\/\/www.instagram.com\/whitehouse.cgistudios\/\" target=\"_blank\" rel=\"noopener\"><i class=\"fa-instagram\"><\/i><\/a>\n\t\t\t\t\t\t\t<a id=\"SR7_1_1-8-40\" class=\"sr7-layer\" href=\"https:\/\/www.behance.net\/whitehouse3dcreative\" target=\"_blank\" rel=\"noopener\"><i class=\"fa-dribbble\"><\/i><\/a>\n\t\t\t\t\t\t\t<sr7-txt id=\"SR7_1_1-8-44\" class=\"sr7-layer\">+55 (65) 99613-8314<\/sr7-txt>\n\t\t\t\t\t\t\t<a id=\"SR7_1_1-8-45\" class=\"sr7-layer\" href=\"https:\/\/www.sliderrevolution.com\/\" target=\"_blank\" rel=\"noopener\">eduardo@whitehousecgi.com<\/a>\n\t\t\t\t\t\t\t<sr7-txt id=\"SR7_1_1-8-48\" class=\"sr7-layer\">Vamos dar vida ao seu projeto?<\/sr7-txt>\n\t\t\t\t\t\t<\/sr7-slide>\n\t\t\t\t\t\t<sr7-slide id=\"SR7_1_1-9\" data-key=\"9\">\n\t\t\t\t\t\t\t<sr7-txt id=\"SR7_1_1-9-22\" class=\"sr7-layer\">white house studios<\/sr7-txt>\n\t\t\t\t\t\t\t<sr7-txt id=\"SR7_1_1-9-55\" class=\"sr7-layer\">scroll<\/sr7-txt>\n\t\t\t\t\t\t\t<sr7-txt id=\"SR7_1_1-9-134\" class=\"sr7-layer\">Sobre<\/sr7-txt>\n\t\t\t\t\t\t\t<sr7-txt id=\"SR7_1_1-9-135\" class=\"sr7-layer\">Servi\u00e7os<\/sr7-txt>\n\t\t\t\t\t\t\t<sr7-txt id=\"SR7_1_1-9-136\" class=\"sr7-layer\">Works<\/sr7-txt>\n\t\t\t\t\t\t\t<sr7-txt id=\"SR7_1_1-9-137\" class=\"sr7-layer\">Depoimentos<\/sr7-txt>\n\t\t\t\t\t\t\t<sr7-txt id=\"SR7_1_1-9-138\" class=\"sr7-layer\">Contatos<\/sr7-txt>\n\t\t\t\t\t\t<\/sr7-slide>\n\t\t\t\t\t<\/sr7-content>\n\t\t\t\t\t<image_lists style=\"display:none\">\n\t\t\t\t\t\t<img data-src=\"\/\/acompanheseuprojeto.com.br\/newwhitehouse\/wp-content\/uploads\/2025\/08\/Sem-nome-635-x-975-px.png\" data-libid=\"125\" data-lib=\"medialibrary\" title=\"Sem nome (635 x 975 px)\" width=\"0\" height=\"0\" data-dbsrc=\"Ly9hY29tcGFuaGVzZXVwcm9qZXRvLmNvbS5ici9uZXd3aGl0ZWhvdXNlL3dwLWNvbnRlbnQvdXBsb2Fkcy8yMDI1LzA4L1NlbS1ub21lLTYzNS14LTk3NS1weC5wbmc=\"\/>\n\t\t\t\t\t\t<img data-src=\"\/\/acompanheseuprojeto.com.br\/newwhitehouse\/wp-content\/uploads\/revslider\/creative-portfolio-main-slider1\/shadow-2.png\" data-libid=\"12\" data-lib=\"medialibrary\" title=\"shadow-2.png\" width=\"0\" height=\"0\" data-dbsrc=\"Ly9hY29tcGFuaGVzZXVwcm9qZXRvLmNvbS5ici9uZXd3aGl0ZWhvdXNlL3dwLWNvbnRlbnQvdXBsb2Fkcy9yZXZzbGlkZXIvY3JlYXRpdmUtcG9ydGZvbGlvLW1haW4tc2xpZGVyMS9zaGFkb3ctMi5wbmc=\"\/>\n\t\t\t\t\t\t<img data-src=\"\/\/acompanheseuprojeto.com.br\/newwhitehouse\/wp-content\/uploads\/2025\/09\/portifolio01-1.png\" data-libid=\"168\" title=\"portifolio01\" width=\"0\" height=\"0\" data-dbsrc=\"Ly9hY29tcGFuaGVzZXVwcm9qZXRvLmNvbS5ici9uZXd3aGl0ZWhvdXNlL3dwLWNvbnRlbnQvdXBsb2Fkcy8yMDI1LzA5L3BvcnRpZm9saW8wMS0xLnBuZw==\"\/>\n\t\t\t\t\t\t<img loading=\"lazy\" data-src=\"\/\/acompanheseuprojeto.com.br\/newwhitehouse\/wp-content\/uploads\/2025\/09\/portifolio-02.png\" data-libid=\"169\" title=\"portifolio 02\" width=\"0\" height=\"0\" data-dbsrc=\"Ly9hY29tcGFuaGVzZXVwcm9qZXRvLmNvbS5ici9uZXd3aGl0ZWhvdXNlL3dwLWNvbnRlbnQvdXBsb2Fkcy8yMDI1LzA5L3BvcnRpZm9saW8tMDIucG5n\"\/>\n\t\t\t\t\t\t<img loading=\"lazy\" data-src=\"\/\/acompanheseuprojeto.com.br\/newwhitehouse\/wp-content\/uploads\/2025\/09\/portifolio-03.png\" data-libid=\"170\" title=\"portifolio 03\" width=\"0\" height=\"0\" data-dbsrc=\"Ly9hY29tcGFuaGVzZXVwcm9qZXRvLmNvbS5ici9uZXd3aGl0ZWhvdXNlL3dwLWNvbnRlbnQvdXBsb2Fkcy8yMDI1LzA5L3BvcnRpZm9saW8tMDMucG5n\"\/>\n\t\t\t\t\t\t<img loading=\"lazy\" data-src=\"\/\/acompanheseuprojeto.com.br\/newwhitehouse\/wp-content\/uploads\/2025\/09\/portifolio-04.png\" data-libid=\"171\" title=\"portifolio 04\" width=\"0\" height=\"0\" data-dbsrc=\"Ly9hY29tcGFuaGVzZXVwcm9qZXRvLmNvbS5ici9uZXd3aGl0ZWhvdXNlL3dwLWNvbnRlbnQvdXBsb2Fkcy8yMDI1LzA5L3BvcnRpZm9saW8tMDQucG5n\"\/>\n\t\t\t\t\t\t<img loading=\"lazy\" data-src=\"\/\/acompanheseuprojeto.com.br\/newwhitehouse\/wp-content\/uploads\/revslider\/objects\/Surfer-in-wave-50.jpg\" width=\"0\" height=\"0\" data-dbsrc=\"Ly9hY29tcGFuaGVzZXVwcm9qZXRvLmNvbS5ici9uZXd3aGl0ZWhvdXNlL3dwLWNvbnRlbnQvdXBsb2Fkcy9yZXZzbGlkZXIvb2JqZWN0cy9TdXJmZXItaW4td2F2ZS01MC5qcGc=\"\/>\n\t\t\t\t\t\t<img loading=\"lazy\" data-src=\"\/\/acompanheseuprojeto.com.br\/newwhitehouse\/wp-content\/uploads\/revslider\/objects\/Brown-cliff-50.jpg\" width=\"0\" height=\"0\" data-dbsrc=\"Ly9hY29tcGFuaGVzZXVwcm9qZXRvLmNvbS5ici9uZXd3aGl0ZWhvdXNlL3dwLWNvbnRlbnQvdXBsb2Fkcy9yZXZzbGlkZXIvb2JqZWN0cy9Ccm93bi1jbGlmZi01MC5qcGc=\"\/>\n\t\t\t\t\t\t<img loading=\"lazy\" data-src=\"\/\/acompanheseuprojeto.com.br\/newwhitehouse\/wp-content\/uploads\/revslider\/objects\/Boat-on-body-of-water-50.jpg\" width=\"0\" height=\"0\" data-dbsrc=\"Ly9hY29tcGFuaGVzZXVwcm9qZXRvLmNvbS5ici9uZXd3aGl0ZWhvdXNlL3dwLWNvbnRlbnQvdXBsb2Fkcy9yZXZzbGlkZXIvb2JqZWN0cy9Cb2F0LW9uLWJvZHktb2Ytd2F0ZXItNTAuanBn\"\/>\n\t\t\t\t\t\t<img loading=\"lazy\" data-src=\"\/\/acompanheseuprojeto.com.br\/newwhitehouse\/wp-content\/uploads\/2025\/08\/product-03.jpg\" data-libid=\"158\" title=\"product 03\" width=\"0\" height=\"0\" data-dbsrc=\"Ly9hY29tcGFuaGVzZXVwcm9qZXRvLmNvbS5ici9uZXd3aGl0ZWhvdXNlL3dwLWNvbnRlbnQvdXBsb2Fkcy8yMDI1LzA4L3Byb2R1Y3QtMDMuanBn\"\/>\n\t\t\t\t\t\t<img loading=\"lazy\" data-src=\"\/\/acompanheseuprojeto.com.br\/newwhitehouse\/wp-content\/uploads\/2025\/08\/projeto_01-1.jpg\" data-libid=\"155\" title=\"projeto_01\" width=\"0\" height=\"0\" data-dbsrc=\"Ly9hY29tcGFuaGVzZXVwcm9qZXRvLmNvbS5ici9uZXd3aGl0ZWhvdXNlL3dwLWNvbnRlbnQvdXBsb2Fkcy8yMDI1LzA4L3Byb2pldG9fMDEtMS5qcGc=\"\/>\n\t\t\t\t\t\t<img loading=\"lazy\" data-src=\"\/\/acompanheseuprojeto.com.br\/newwhitehouse\/wp-content\/uploads\/2025\/08\/portifolio_modeling_02.jpg\" data-libid=\"161\" title=\"portifolio_modeling_02\" width=\"0\" height=\"0\" data-dbsrc=\"Ly9hY29tcGFuaGVzZXVwcm9qZXRvLmNvbS5ici9uZXd3aGl0ZWhvdXNlL3dwLWNvbnRlbnQvdXBsb2Fkcy8yMDI1LzA4L3BvcnRpZm9saW9fbW9kZWxpbmdfMDIuanBn\"\/>\n\t\t\t\t\t\t<img loading=\"lazy\" data-src=\"\/\/acompanheseuprojeto.com.br\/newwhitehouse\/wp-content\/uploads\/2025\/08\/Portifolio-02.jpg\" data-libid=\"159\" title=\"Portifolio 02\" width=\"0\" height=\"0\" data-dbsrc=\"Ly9hY29tcGFuaGVzZXVwcm9qZXRvLmNvbS5ici9uZXd3aGl0ZWhvdXNlL3dwLWNvbnRlbnQvdXBsb2Fkcy8yMDI1LzA4L1BvcnRpZm9saW8tMDIuanBn\"\/>\n\t\t\t\t\t\t<img loading=\"lazy\" data-src=\"\/\/acompanheseuprojeto.com.br\/newwhitehouse\/wp-content\/uploads\/2025\/08\/portifolio_modeling-1.jpg\" data-libid=\"162\" title=\"portifolio_modeling\" width=\"0\" height=\"0\" data-dbsrc=\"Ly9hY29tcGFuaGVzZXVwcm9qZXRvLmNvbS5ici9uZXd3aGl0ZWhvdXNlL3dwLWNvbnRlbnQvdXBsb2Fkcy8yMDI1LzA4L3BvcnRpZm9saW9fbW9kZWxpbmctMS5qcGc=\"\/>\n\t\t\t\t\t\t<img loading=\"lazy\" data-src=\"\/\/acompanheseuprojeto.com.br\/newwhitehouse\/wp-content\/uploads\/2025\/08\/Poltrona-Sela.jpg\" data-libid=\"164\" title=\"Poltrona Sela\" width=\"0\" height=\"0\" data-dbsrc=\"Ly9hY29tcGFuaGVzZXVwcm9qZXRvLmNvbS5ici9uZXd3aGl0ZWhvdXNlL3dwLWNvbnRlbnQvdXBsb2Fkcy8yMDI1LzA4L1BvbHRyb25hLVNlbGEuanBn\"\/>\n\t\t\t\t\t\t<img loading=\"lazy\" data-src=\"\/\/acompanheseuprojeto.com.br\/newwhitehouse\/wp-content\/uploads\/2025\/08\/Visualizacao-Arquitetonica-ArchViz.jpg\" data-libid=\"163\" title=\"Visualizac\u0327a\u0303o Arquiteto\u0302nica (ArchViz)\" width=\"0\" height=\"0\" data-dbsrc=\"Ly9hY29tcGFuaGVzZXVwcm9qZXRvLmNvbS5ici9uZXd3aGl0ZWhvdXNlL3dwLWNvbnRlbnQvdXBsb2Fkcy8yMDI1LzA4L1Zpc3VhbGl6YWNhby1BcnF1aXRldG9uaWNhLUFyY2hWaXouanBn\"\/>\n\t\t\t\t\t\t<img loading=\"lazy\" data-src=\"\/\/acompanheseuprojeto.com.br\/newwhitehouse\/wp-content\/uploads\/revslider\/creative-portfolio-main-slider1\/google1.png\" data-libid=\"36\" data-lib=\"medialibrary\" title=\"google1.png\" width=\"0\" height=\"0\" data-dbsrc=\"Ly9hY29tcGFuaGVzZXVwcm9qZXRvLmNvbS5ici9uZXd3aGl0ZWhvdXNlL3dwLWNvbnRlbnQvdXBsb2Fkcy9yZXZzbGlkZXIvY3JlYXRpdmUtcG9ydGZvbGlvLW1haW4tc2xpZGVyMS9nb29nbGUxLnBuZw==\"\/>\n\t\t\t\t\t\t<img loading=\"lazy\" data-src=\"\/\/acompanheseuprojeto.com.br\/newwhitehouse\/wp-content\/uploads\/revslider\/creative-portfolio-main-slider1\/nike.png\" data-libid=\"37\" data-lib=\"medialibrary\" title=\"nike.png\" width=\"0\" height=\"0\" data-dbsrc=\"Ly9hY29tcGFuaGVzZXVwcm9qZXRvLmNvbS5ici9uZXd3aGl0ZWhvdXNlL3dwLWNvbnRlbnQvdXBsb2Fkcy9yZXZzbGlkZXIvY3JlYXRpdmUtcG9ydGZvbGlvLW1haW4tc2xpZGVyMS9uaWtlLnBuZw==\"\/>\n\t\t\t\t\t\t<img loading=\"lazy\" data-src=\"\/\/acompanheseuprojeto.com.br\/newwhitehouse\/wp-content\/uploads\/revslider\/creative-portfolio-main-slider1\/samsung.png\" data-libid=\"38\" data-lib=\"medialibrary\" title=\"samsung.png\" width=\"0\" height=\"0\" data-dbsrc=\"Ly9hY29tcGFuaGVzZXVwcm9qZXRvLmNvbS5ici9uZXd3aGl0ZWhvdXNlL3dwLWNvbnRlbnQvdXBsb2Fkcy9yZXZzbGlkZXIvY3JlYXRpdmUtcG9ydGZvbGlvLW1haW4tc2xpZGVyMS9zYW1zdW5nLnBuZw==\"\/>\n\t\t\t\t\t\t<img loading=\"lazy\" data-src=\"\/\/acompanheseuprojeto.com.br\/newwhitehouse\/wp-content\/uploads\/revslider\/creative-portfolio-main-slider1\/mitsubishi.png\" data-libid=\"39\" data-lib=\"medialibrary\" title=\"mitsubishi.png\" width=\"0\" height=\"0\" data-dbsrc=\"Ly9hY29tcGFuaGVzZXVwcm9qZXRvLmNvbS5ici9uZXd3aGl0ZWhvdXNlL3dwLWNvbnRlbnQvdXBsb2Fkcy9yZXZzbGlkZXIvY3JlYXRpdmUtcG9ydGZvbGlvLW1haW4tc2xpZGVyMS9taXRzdWJpc2hpLnBuZw==\"\/>\n\t\t\t\t\t\t<img loading=\"lazy\" data-src=\"\/\/acompanheseuprojeto.com.br\/newwhitehouse\/wp-content\/uploads\/2025\/09\/Leticia_perfil-1.png\" data-libid=\"173\" data-lib=\"medialibrary\" title=\"Leticia_perfil (1)\" width=\"0\" height=\"0\" data-dbsrc=\"Ly9hY29tcGFuaGVzZXVwcm9qZXRvLmNvbS5ici9uZXd3aGl0ZWhvdXNlL3dwLWNvbnRlbnQvdXBsb2Fkcy8yMDI1LzA5L0xldGljaWFfcGVyZmlsLTEucG5n\"\/>\n\t\t\t\t\t\t<img loading=\"lazy\" data-src=\"\/\/acompanheseuprojeto.com.br\/newwhitehouse\/wp-content\/uploads\/2025\/08\/Nossa_logo.png\" data-libid=\"147\" data-lib=\"medialibrary\" title=\"Nossa_logo\" width=\"0\" height=\"0\" data-dbsrc=\"Ly9hY29tcGFuaGVzZXVwcm9qZXRvLmNvbS5ici9uZXd3aGl0ZWhvdXNlL3dwLWNvbnRlbnQvdXBsb2Fkcy8yMDI1LzA4L05vc3NhX2xvZ28ucG5n\"\/>\n\t\t\t\t\t<\/image_lists>\n\t\t\t\t<\/sr7-module>\n\t\t\t\t<script>\n\t\t\t\t\tSR7.PMH ??={}; SR7.PMH[\"SR7_1_1\"] = {cn:100,state:false,fn: function() { if (_tpt!==undefined && _tpt.prepareModuleHeight !== undefined) {  _tpt.prepareModuleHeight({id:\"SR7_1_1\",el:[950,950,767,960,720],type:'standard',shdw:'0',gh:[950,950,768,960,720],gw:[1240,1240,1024,778,480],vpt:['-100px&#039;,&#039;-100px&#039;,&#039;-100px&#039;,&#039;-100px&#039;,&#039;-100px'],size:{fullWidth:true, fullHeight:true},fho:'',mh:'0',onh:0,onw:0,bg:{color:'{\"type\":\"solid\",\"orig\":\"#c96e00\",\"string\":\"rgba(201, 110, 0, 1)\"}'}});   SR7.PMH[\"SR7_1_1\"].state=true;} else if(SR7.PMH[\"SR7_1_1\"].cn-->0)\tsetTimeout( SR7.PMH[\"SR7_1_1\"].fn,19);}};SR7.PMH[\"SR7_1_1\" ].fn();\n\t\t\t\t<\/script>\n<\/div>\n\n\t\t\t\t\t\t<\/div>\n\t\t\t\t\t<\/div>\n\t\t\t\t<\/div>\n\t\t\t\t<\/div>\n\t\t","protected":false},"excerpt":{"rendered":"","protected":false},"author":1,"featured_media":0,"parent":0,"menu_order":0,"comment_status":"closed","ping_status":"closed","template":"..\/public\/views\/revslider-page-template.php","meta":{"footnotes":""},"class_list":["post-115","page","type-page","status-publish","hentry"],"_links":{"self":[{"href":"https:\/\/acompanheseuprojeto.com.br\/newwhitehouse\/wp-json\/wp\/v2\/pages\/115","targetHints":{"allow":["GET"]}}],"collection":[{"href":"https:\/\/acompanheseuprojeto.com.br\/newwhitehouse\/wp-json\/wp\/v2\/pages"}],"about":[{"href":"https:\/\/acompanheseuprojeto.com.br\/newwhitehouse\/wp-json\/wp\/v2\/types\/page"}],"author":[{"embeddable":true,"href":"https:\/\/acompanheseuprojeto.com.br\/newwhitehouse\/wp-json\/wp\/v2\/users\/1"}],"replies":[{"embeddable":true,"href":"https:\/\/acompanheseuprojeto.com.br\/newwhitehouse\/wp-json\/wp\/v2\/comments?post=115"}],"version-history":[{"count":16,"href":"https:\/\/acompanheseuprojeto.com.br\/newwhitehouse\/wp-json\/wp\/v2\/pages\/115\/revisions"}],"predecessor-version":[{"id":151,"href":"https:\/\/acompanheseuprojeto.com.br\/newwhitehouse\/wp-json\/wp\/v2\/pages\/115\/revisions\/151"}],"wp:attachment":[{"href":"https:\/\/acompanheseuprojeto.com.br\/newwhitehouse\/wp-json\/wp\/v2\/media?parent=115"}],"curies":[{"name":"wp","href":"https:\/\/api.w.org\/{rel}","templated":true}]}}