{"id":14,"date":"2024-01-25T11:06:58","date_gmt":"2024-01-25T11:06:58","guid":{"rendered":"https:\/\/acompanheseuprojeto.com.br\/sitecasamento\/carrinho\/"},"modified":"2024-02-01T19:11:55","modified_gmt":"2024-02-01T19:11:55","slug":"carrinho","status":"publish","type":"page","link":"https:\/\/acompanheseuprojeto.com.br\/sitecasamento\/carrinho\/","title":{"rendered":"Carrinho"},"content":{"rendered":"\t\t<div data-elementor-type=\"wp-page\" data-elementor-id=\"14\" class=\"elementor elementor-14\">\n\t\t\t\t\t\t\t\t\t<section class=\"elementor-section elementor-top-section elementor-element elementor-element-07046f8 elementor-section-boxed elementor-section-height-default elementor-section-height-default wpr-particle-no wpr-jarallax-no wpr-parallax-no wpr-sticky-section-no\" data-id=\"07046f8\" data-element_type=\"section\">\n\t\t\t\t\t\t<div class=\"elementor-container elementor-column-gap-default\">\n\t\t\t\t\t<div class=\"elementor-column elementor-col-100 elementor-top-column elementor-element elementor-element-c27f92a\" data-id=\"c27f92a\" data-element_type=\"column\">\n\t\t\t<div class=\"elementor-widget-wrap elementor-element-populated\">\n\t\t\t\t\t\t\t\t\t<\/div>\n\t\t<\/div>\n\t\t\t\t\t\t\t<\/div>\n\t\t<\/section>\n\t\t\t\t\t\t\t<\/div>\n\t\t","protected":false},"excerpt":{"rendered":"<p>&nbsp; Produto &nbsp; Pre\u00e7o Quantidade Subtotal &times; Inscri\u00e7\u00f5es para servir nos acampamentos &#82;&#36;&nbsp;189,00 Inscri\u00e7\u00f5es para servir nos acampamentos quantidade &#82;&#36;&nbsp;189,00 Atualizar Carrinho Total presentes Subtotal &#82;&#36;&nbsp;189,00 Total &#82;&#36;&nbsp;189,00 Pagamento<\/p>\n","protected":false},"author":1,"featured_media":0,"parent":0,"menu_order":0,"comment_status":"closed","ping_status":"closed","template":"elementor_header_footer","meta":{"footnotes":""},"class_list":["post-14","page","type-page","status-publish","hentry"],"_links":{"self":[{"href":"https:\/\/acompanheseuprojeto.com.br\/sitecasamento\/wp-json\/wp\/v2\/pages\/14","targetHints":{"allow":["GET"]}}],"collection":[{"href":"https:\/\/acompanheseuprojeto.com.br\/sitecasamento\/wp-json\/wp\/v2\/pages"}],"about":[{"href":"https:\/\/acompanheseuprojeto.com.br\/sitecasamento\/wp-json\/wp\/v2\/types\/page"}],"author":[{"embeddable":true,"href":"https:\/\/acompanheseuprojeto.com.br\/sitecasamento\/wp-json\/wp\/v2\/users\/1"}],"replies":[{"embeddable":true,"href":"https:\/\/acompanheseuprojeto.com.br\/sitecasamento\/wp-json\/wp\/v2\/comments?post=14"}],"version-history":[{"count":21,"href":"https:\/\/acompanheseuprojeto.com.br\/sitecasamento\/wp-json\/wp\/v2\/pages\/14\/revisions"}],"predecessor-version":[{"id":329,"href":"https:\/\/acompanheseuprojeto.com.br\/sitecasamento\/wp-json\/wp\/v2\/pages\/14\/revisions\/329"}],"wp:attachment":[{"href":"https:\/\/acompanheseuprojeto.com.br\/sitecasamento\/wp-json\/wp\/v2\/media?parent=14"}],"curies":[{"name":"wp","href":"https:\/\/api.w.org\/{rel}","templated":true}]}}